{"id":5530,"date":"2015-07-01T09:18:15","date_gmt":"2015-07-01T07:18:15","guid":{"rendered":"http:\/\/ct-chemie.ch\/?product=apres-sens-2"},"modified":"2026-04-17T16:25:31","modified_gmt":"2026-04-17T14:25:31","slug":"balancer","status":"publish","type":"product","link":"https:\/\/www.ct-chemie.ch\/fr\/produit\/balancer\/","title":{"rendered":"BALANCER"},"content":{"rendered":"<p class=\"p1\">Cr\u00e8me protectrice hydratante pour la peau au toucher extr\u00eamement agr\u00e9able. Non gras, rapidement absorb\u00e9, sans silicone.<\/p>\n<p>Conditionnement:<br \/>\nTube \u00e0 100 ml<\/p>\n","protected":false},"excerpt":{"rendered":"<p>Cr\u00e8me protectrice hydratante pour la peau au toucher extr\u00eamement agr\u00e9able<\/p>\n","protected":false},"featured_media":26366,"comment_status":"closed","ping_status":"closed","template":"","meta":{"_acf_changed":false},"product_cat":[1560],"product_tag":[],"class_list":{"0":"post-5530","1":"product","2":"type-product","3":"status-publish","4":"has-post-thumbnail","6":"product_cat-protection-de-la-peau","8":"first","9":"instock","10":"taxable","11":"shipping-taxable","12":"purchasable","13":"product-type-simple"},"acf":[],"_links":{"self":[{"href":"https:\/\/www.ct-chemie.ch\/fr\/wp-json\/wp\/v2\/product\/5530","targetHints":{"allow":["GET"]}}],"collection":[{"href":"https:\/\/www.ct-chemie.ch\/fr\/wp-json\/wp\/v2\/product"}],"about":[{"href":"https:\/\/www.ct-chemie.ch\/fr\/wp-json\/wp\/v2\/types\/product"}],"replies":[{"embeddable":true,"href":"https:\/\/www.ct-chemie.ch\/fr\/wp-json\/wp\/v2\/comments?post=5530"}],"wp:featuredmedia":[{"embeddable":true,"href":"https:\/\/www.ct-chemie.ch\/fr\/wp-json\/wp\/v2\/media\/26366"}],"wp:attachment":[{"href":"https:\/\/www.ct-chemie.ch\/fr\/wp-json\/wp\/v2\/media?parent=5530"}],"wp:term":[{"taxonomy":"product_cat","embeddable":true,"href":"https:\/\/www.ct-chemie.ch\/fr\/wp-json\/wp\/v2\/product_cat?post=5530"},{"taxonomy":"product_tag","embeddable":true,"href":"https:\/\/www.ct-chemie.ch\/fr\/wp-json\/wp\/v2\/product_tag?post=5530"}],"curies":[{"name":"wp","href":"https:\/\/api.w.org\/{rel}","templated":true}]}}