{"id":5554,"date":"2015-07-01T09:54:06","date_gmt":"2015-07-01T07:54:06","guid":{"rendered":"http:\/\/ct-chemie.ch\/?post_type=product&#038;p=5554"},"modified":"2026-01-06T11:05:24","modified_gmt":"2026-01-06T10:05:24","slug":"ceteclean-sani-plus","status":"publish","type":"product","link":"https:\/\/www.ct-chemie.ch\/fr\/produit\/ceteclean-sani-plus\/","title":{"rendered":"AZETT Sani-Plus (CeTeClean Sani-Plus)"},"content":{"rendered":"<p>Nettoyant acide pour sanitaire et pour piscines. Elimine sans peine des d\u00e9p\u00f4ts calcaires, des savons, des salissures encro\u00fbt\u00e9es, incrustations, etc. Ne convient pas aux mati\u00e8res sensibles aux acides.<\/p>\n<p>Dosage: 50\u2013200 ml par 10 l d\u2018eau, ou non dilu\u00e9.<\/p>\n<p>Pi\u00e8ce\u00a0\u00e0: 1 l<br \/>\nCarton \u00e0: 6 pce<\/p>\n<p>Pi\u00e8ce \u00e0: 10 l<\/p>\n","protected":false},"excerpt":{"rendered":"<p>Nettoyant acide pour sanitaire et pour piscines<\/p>\n","protected":false},"featured_media":35058,"comment_status":"closed","ping_status":"closed","template":"","meta":{"_acf_changed":false},"product_cat":[177],"product_tag":[],"class_list":{"0":"post-5554","1":"product","2":"type-product","3":"status-publish","4":"has-post-thumbnail","6":"product_cat-nettoyant-categorie","8":"first","9":"instock","10":"taxable","11":"shipping-taxable","12":"purchasable","13":"product-type-variable"},"acf":[],"_links":{"self":[{"href":"https:\/\/www.ct-chemie.ch\/fr\/wp-json\/wp\/v2\/product\/5554","targetHints":{"allow":["GET"]}}],"collection":[{"href":"https:\/\/www.ct-chemie.ch\/fr\/wp-json\/wp\/v2\/product"}],"about":[{"href":"https:\/\/www.ct-chemie.ch\/fr\/wp-json\/wp\/v2\/types\/product"}],"replies":[{"embeddable":true,"href":"https:\/\/www.ct-chemie.ch\/fr\/wp-json\/wp\/v2\/comments?post=5554"}],"wp:featuredmedia":[{"embeddable":true,"href":"https:\/\/www.ct-chemie.ch\/fr\/wp-json\/wp\/v2\/media\/35058"}],"wp:attachment":[{"href":"https:\/\/www.ct-chemie.ch\/fr\/wp-json\/wp\/v2\/media?parent=5554"}],"wp:term":[{"taxonomy":"product_cat","embeddable":true,"href":"https:\/\/www.ct-chemie.ch\/fr\/wp-json\/wp\/v2\/product_cat?post=5554"},{"taxonomy":"product_tag","embeddable":true,"href":"https:\/\/www.ct-chemie.ch\/fr\/wp-json\/wp\/v2\/product_tag?post=5554"}],"curies":[{"name":"wp","href":"https:\/\/api.w.org\/{rel}","templated":true}]}}