{"id":5559,"date":"2015-07-01T09:59:30","date_gmt":"2015-07-01T07:59:30","guid":{"rendered":"http:\/\/ct-chemie.ch\/?product=ceteclean-sani-forte-2"},"modified":"2025-12-09T19:30:09","modified_gmt":"2025-12-09T18:30:09","slug":"ceteclean-sani-forte","status":"publish","type":"product","link":"https:\/\/www.ct-chemie.ch\/fr\/produit\/ceteclean-sani-forte\/","title":{"rendered":"AZETT Kalk-Ex Plus (CeTeClean Sani-Forte)"},"content":{"rendered":"<p>Nettoyant sanitaire basique acide pour grandes cuisines, sanitaires et salles de bains. Nettoie et dissout les d\u00e9p\u00f4ts de calcaire tenaces et incrust\u00e9s, les d\u00e9p\u00f4ts de rouille, etc. Ne convient pas pour les supports sensibles aux acides.<\/p>\n<p>Dosage: 1\u20132,5 l par 8 l d\u2018eau.<\/p>\n<p>Pi\u00e8ce\u00a0\u00e0: 1 l<br \/>\nCarton \u00e0: 6 pce<\/p>\n<p>Pi\u00e8ce \u00e0: 10 l<\/p>\n","protected":false},"excerpt":{"rendered":"<p>Nettoyant sanitaire basique acide pour grandes cuisines, sanitaires et salles de bains<\/p>\n","protected":false},"featured_media":35065,"comment_status":"closed","ping_status":"closed","template":"","meta":{"_acf_changed":false},"product_cat":[177],"product_tag":[],"class_list":{"0":"post-5559","1":"product","2":"type-product","3":"status-publish","4":"has-post-thumbnail","6":"product_cat-nettoyant-categorie","8":"first","9":"instock","10":"taxable","11":"shipping-taxable","12":"purchasable","13":"product-type-variable"},"acf":[],"_links":{"self":[{"href":"https:\/\/www.ct-chemie.ch\/fr\/wp-json\/wp\/v2\/product\/5559","targetHints":{"allow":["GET"]}}],"collection":[{"href":"https:\/\/www.ct-chemie.ch\/fr\/wp-json\/wp\/v2\/product"}],"about":[{"href":"https:\/\/www.ct-chemie.ch\/fr\/wp-json\/wp\/v2\/types\/product"}],"replies":[{"embeddable":true,"href":"https:\/\/www.ct-chemie.ch\/fr\/wp-json\/wp\/v2\/comments?post=5559"}],"wp:featuredmedia":[{"embeddable":true,"href":"https:\/\/www.ct-chemie.ch\/fr\/wp-json\/wp\/v2\/media\/35065"}],"wp:attachment":[{"href":"https:\/\/www.ct-chemie.ch\/fr\/wp-json\/wp\/v2\/media?parent=5559"}],"wp:term":[{"taxonomy":"product_cat","embeddable":true,"href":"https:\/\/www.ct-chemie.ch\/fr\/wp-json\/wp\/v2\/product_cat?post=5559"},{"taxonomy":"product_tag","embeddable":true,"href":"https:\/\/www.ct-chemie.ch\/fr\/wp-json\/wp\/v2\/product_tag?post=5559"}],"curies":[{"name":"wp","href":"https:\/\/api.w.org\/{rel}","templated":true}]}}