{"id":5606,"date":"2015-07-01T10:28:45","date_gmt":"2015-07-01T08:28:45","guid":{"rendered":"http:\/\/ct-chemie.ch\/?product=ceteclean-hd-spezial-2"},"modified":"2025-12-09T20:10:21","modified_gmt":"2025-12-09T19:10:21","slug":"ceteclean-hd-spezial","status":"publish","type":"product","link":"https:\/\/www.ct-chemie.ch\/fr\/produit\/ceteclean-hd-spezial\/","title":{"rendered":"AZETT HD Spezial (CeTeClean HD Spezial)"},"content":{"rendered":"<p>Nettoyant alcalin sp\u00e9cial pour des salissures de sols d\u2019ateliers, garages, salles d\u2019expositions, halles, machines, v\u00e9hicules etc. Forte \u00e9limination de l\u2019huile, poussi\u00e8res de freinage, usures de pneus etc.<\/p>\n<p>Dosage: Selon les salissures<\/p>\n<p>Pi\u00e8ce\u00a0\u00e0: 1 l<br \/>\nCarton\u00a0\u00e0: 6 pce<\/p>\n<p>Pi\u00e8ce \u00e0: 10 l<\/p>\n<p>Pi\u00e8ce \u00e0: 25\u00a0l<\/p>\n","protected":false},"excerpt":{"rendered":"<p>Nettoyant alcalin sp\u00e9cial, \u00e0 usage g\u00e9n\u00e9ral pour des salissures<\/p>\n","protected":false},"featured_media":35070,"comment_status":"closed","ping_status":"closed","template":"","meta":{"_acf_changed":false},"product_cat":[177],"product_tag":[],"class_list":{"0":"post-5606","1":"product","2":"type-product","3":"status-publish","4":"has-post-thumbnail","6":"product_cat-nettoyant-categorie","8":"first","9":"instock","10":"taxable","11":"shipping-taxable","12":"purchasable","13":"product-type-variable"},"acf":[],"_links":{"self":[{"href":"https:\/\/www.ct-chemie.ch\/fr\/wp-json\/wp\/v2\/product\/5606","targetHints":{"allow":["GET"]}}],"collection":[{"href":"https:\/\/www.ct-chemie.ch\/fr\/wp-json\/wp\/v2\/product"}],"about":[{"href":"https:\/\/www.ct-chemie.ch\/fr\/wp-json\/wp\/v2\/types\/product"}],"replies":[{"embeddable":true,"href":"https:\/\/www.ct-chemie.ch\/fr\/wp-json\/wp\/v2\/comments?post=5606"}],"wp:featuredmedia":[{"embeddable":true,"href":"https:\/\/www.ct-chemie.ch\/fr\/wp-json\/wp\/v2\/media\/35070"}],"wp:attachment":[{"href":"https:\/\/www.ct-chemie.ch\/fr\/wp-json\/wp\/v2\/media?parent=5606"}],"wp:term":[{"taxonomy":"product_cat","embeddable":true,"href":"https:\/\/www.ct-chemie.ch\/fr\/wp-json\/wp\/v2\/product_cat?post=5606"},{"taxonomy":"product_tag","embeddable":true,"href":"https:\/\/www.ct-chemie.ch\/fr\/wp-json\/wp\/v2\/product_tag?post=5606"}],"curies":[{"name":"wp","href":"https:\/\/api.w.org\/{rel}","templated":true}]}}