{"id":5637,"date":"2015-07-01T10:42:47","date_gmt":"2015-07-01T08:42:47","guid":{"rendered":"http:\/\/ct-chemie.ch\/?product=ceteclean-color-net-2"},"modified":"2024-10-11T08:44:48","modified_gmt":"2024-10-11T06:44:48","slug":"ceteclean-color-net","status":"publish","type":"product","link":"https:\/\/www.ct-chemie.ch\/fr\/produit\/ceteclean-color-net\/","title":{"rendered":"CeTeClean Color-Net"},"content":{"rendered":"<p>Nettoyant sp\u00e9cial sous forme de gel sur base d\u2019esters \u00e9vapor\u00e9s et d\u2019autres solvants. Pour \u00e9liminer les peintures et les vernis, les cires durcies, les huiles r\u00e9sinifi\u00e9es, les restes de colles, les r\u00e9sidus de colles de moquette, les rubans adh\u00e9sifs etc.<\/p>\n<p>Rendement: env. 5 m2\/l<\/p>\n<p>Pi\u00e8ce \u00e0: 1 l<\/p>\n","protected":false},"excerpt":{"rendered":"<p>Nettoyant sp\u00e9cial sous forme de gel sur base d\u2019esters \u00e9vapor\u00e9s et d\u2019autres solvants<\/p>\n","protected":false},"featured_media":35082,"comment_status":"closed","ping_status":"closed","template":"","meta":{"_acf_changed":false},"product_cat":[177],"product_tag":[],"class_list":{"0":"post-5637","1":"product","2":"type-product","3":"status-publish","4":"has-post-thumbnail","6":"product_cat-nettoyant-categorie","8":"first","9":"instock","10":"taxable","11":"shipping-taxable","12":"purchasable","13":"product-type-simple"},"acf":[],"_links":{"self":[{"href":"https:\/\/www.ct-chemie.ch\/fr\/wp-json\/wp\/v2\/product\/5637","targetHints":{"allow":["GET"]}}],"collection":[{"href":"https:\/\/www.ct-chemie.ch\/fr\/wp-json\/wp\/v2\/product"}],"about":[{"href":"https:\/\/www.ct-chemie.ch\/fr\/wp-json\/wp\/v2\/types\/product"}],"replies":[{"embeddable":true,"href":"https:\/\/www.ct-chemie.ch\/fr\/wp-json\/wp\/v2\/comments?post=5637"}],"wp:featuredmedia":[{"embeddable":true,"href":"https:\/\/www.ct-chemie.ch\/fr\/wp-json\/wp\/v2\/media\/35082"}],"wp:attachment":[{"href":"https:\/\/www.ct-chemie.ch\/fr\/wp-json\/wp\/v2\/media?parent=5637"}],"wp:term":[{"taxonomy":"product_cat","embeddable":true,"href":"https:\/\/www.ct-chemie.ch\/fr\/wp-json\/wp\/v2\/product_cat?post=5637"},{"taxonomy":"product_tag","embeddable":true,"href":"https:\/\/www.ct-chemie.ch\/fr\/wp-json\/wp\/v2\/product_tag?post=5637"}],"curies":[{"name":"wp","href":"https:\/\/api.w.org\/{rel}","templated":true}]}}