{"id":5644,"date":"2015-07-01T10:47:01","date_gmt":"2015-07-01T08:47:01","guid":{"rendered":"http:\/\/ct-chemie.ch\/?product=ecoulement"},"modified":"2025-12-09T20:07:19","modified_gmt":"2025-12-09T19:07:19","slug":"ceteclean-sipho-net","status":"publish","type":"product","link":"https:\/\/www.ct-chemie.ch\/fr\/produit\/ceteclean-sipho-net\/","title":{"rendered":"AZETT Rohrputzer (CeTeClean Sipho-Net)"},"content":{"rendered":"<p>L\u00e9g\u00e8rement visqueux, tr\u00e8s actif pour tuyaux et siphons. Elimine sans frotter et sans peine les bouchons et odeurs d\u00e9sagr\u00e9ables dans les \u00e9vacuations, tuyaux et siphons.<\/p>\n<p>Dosage: 100\u2013250 ml par application.<\/p>\n<p>Pi\u00e8ce\u00a0\u00e0: 1 l<br \/>\nCarton \u00e0: 6 pce<\/p>\n","protected":false},"excerpt":{"rendered":"<p>l\u00e9g\u00e8rement visqueux, tr\u00e8s actif pour tuyaux et siphons<\/p>\n","protected":false},"featured_media":35078,"comment_status":"closed","ping_status":"closed","template":"","meta":{"_acf_changed":false},"product_cat":[177],"product_tag":[],"class_list":{"0":"post-5644","1":"product","2":"type-product","3":"status-publish","4":"has-post-thumbnail","6":"product_cat-nettoyant-categorie","8":"first","9":"instock","10":"taxable","11":"shipping-taxable","12":"purchasable","13":"product-type-simple"},"acf":[],"_links":{"self":[{"href":"https:\/\/www.ct-chemie.ch\/fr\/wp-json\/wp\/v2\/product\/5644","targetHints":{"allow":["GET"]}}],"collection":[{"href":"https:\/\/www.ct-chemie.ch\/fr\/wp-json\/wp\/v2\/product"}],"about":[{"href":"https:\/\/www.ct-chemie.ch\/fr\/wp-json\/wp\/v2\/types\/product"}],"replies":[{"embeddable":true,"href":"https:\/\/www.ct-chemie.ch\/fr\/wp-json\/wp\/v2\/comments?post=5644"}],"wp:featuredmedia":[{"embeddable":true,"href":"https:\/\/www.ct-chemie.ch\/fr\/wp-json\/wp\/v2\/media\/35078"}],"wp:attachment":[{"href":"https:\/\/www.ct-chemie.ch\/fr\/wp-json\/wp\/v2\/media?parent=5644"}],"wp:term":[{"taxonomy":"product_cat","embeddable":true,"href":"https:\/\/www.ct-chemie.ch\/fr\/wp-json\/wp\/v2\/product_cat?post=5644"},{"taxonomy":"product_tag","embeddable":true,"href":"https:\/\/www.ct-chemie.ch\/fr\/wp-json\/wp\/v2\/product_tag?post=5644"}],"curies":[{"name":"wp","href":"https:\/\/api.w.org\/{rel}","templated":true}]}}