{"id":5649,"date":"2015-07-01T10:53:27","date_gmt":"2015-07-01T08:53:27","guid":{"rendered":"http:\/\/ct-chemie.ch\/?product=demoussant"},"modified":"2025-01-22T08:09:12","modified_gmt":"2025-01-22T07:09:12","slug":"ceteclean-foam-stop","status":"publish","type":"product","link":"https:\/\/www.ct-chemie.ch\/fr\/produit\/ceteclean-foam-stop\/","title":{"rendered":"CeTeClean Foam-Stop"},"content":{"rendered":"<p class=\"p1\">Arr\u00eat-mousse pr\u00eat \u00e0 l\u2018emploi. Emp\u00eache et supprime la formation de mousse dans le r\u00e9servoir d\u2018eau us\u00e9e, dans les autolaveuses et les aspirateurs d\u2018eau.<\/p>\n<p>Dosage: 25 \u2013 100 ml(selon la grandeur du r\u00e9servoir) \u00e0 verser directement dans le r\u00e9servoir d\u2018eau us\u00e9e.<\/p>\n<p>Pi\u00e8ce \u00e0: 250 ml<\/p>\n<p>Pi\u00e8ce\u00a0\u00e0: 1 l<br \/>\nCarton \u00e0: 12 pce<\/p>\n","protected":false},"excerpt":{"rendered":"<p>Arr\u00eat-mousse pr\u00eat \u00e0 l\u2018emploi<\/p>\n","protected":false},"featured_media":35133,"comment_status":"closed","ping_status":"closed","template":"","meta":{"_acf_changed":false},"product_cat":[177],"product_tag":[],"class_list":{"0":"post-5649","1":"product","2":"type-product","3":"status-publish","4":"has-post-thumbnail","6":"product_cat-nettoyant-categorie","8":"first","9":"instock","10":"taxable","11":"shipping-taxable","12":"purchasable","13":"product-type-variable"},"acf":[],"_links":{"self":[{"href":"https:\/\/www.ct-chemie.ch\/fr\/wp-json\/wp\/v2\/product\/5649","targetHints":{"allow":["GET"]}}],"collection":[{"href":"https:\/\/www.ct-chemie.ch\/fr\/wp-json\/wp\/v2\/product"}],"about":[{"href":"https:\/\/www.ct-chemie.ch\/fr\/wp-json\/wp\/v2\/types\/product"}],"replies":[{"embeddable":true,"href":"https:\/\/www.ct-chemie.ch\/fr\/wp-json\/wp\/v2\/comments?post=5649"}],"wp:featuredmedia":[{"embeddable":true,"href":"https:\/\/www.ct-chemie.ch\/fr\/wp-json\/wp\/v2\/media\/35133"}],"wp:attachment":[{"href":"https:\/\/www.ct-chemie.ch\/fr\/wp-json\/wp\/v2\/media?parent=5649"}],"wp:term":[{"taxonomy":"product_cat","embeddable":true,"href":"https:\/\/www.ct-chemie.ch\/fr\/wp-json\/wp\/v2\/product_cat?post=5649"},{"taxonomy":"product_tag","embeddable":true,"href":"https:\/\/www.ct-chemie.ch\/fr\/wp-json\/wp\/v2\/product_tag?post=5649"}],"curies":[{"name":"wp","href":"https:\/\/api.w.org\/{rel}","templated":true}]}}