{"id":5692,"date":"2015-07-01T11:20:36","date_gmt":"2015-07-01T09:20:36","guid":{"rendered":"http:\/\/ct-chemie.ch\/?product=ceteclean-fresh-net-2"},"modified":"2026-01-06T11:16:44","modified_gmt":"2026-01-06T10:16:44","slug":"ceteclean-fresh-net","status":"publish","type":"product","link":"https:\/\/www.ct-chemie.ch\/fr\/produit\/ceteclean-fresh-net\/","title":{"rendered":"AZETT Clean Fresh (CeTeClean Fresh-Net)"},"content":{"rendered":"<p>Nettoyant odorif\u00e9rant disposant d\u2018une agr\u00e9able odeur de longue dur\u00e9e. Pour le nettoyage minutieux, rapide et sans traces de toutes surfaces \u00e9tanches et rev\u00eatements de sol. Ne convient pas pour le marbre finement ponc\u00e9 et poli, ni pour la pierre calcaire ou artificielle.<\/p>\n<p>Dosage: 20\u201340 ml par 10 l d\u2018eau.<\/p>\n<p>Pi\u00e8ce\u00a0\u00e0: 1 l<br \/>\nCarton \u00e0: 6 pce<\/p>\n<p>Pi\u00e8ce \u00e0: 10 l<\/p>\n","protected":false},"excerpt":{"rendered":"<p>Nettoyant odorif\u00e9rant disposant d\u2018une agr\u00e9able odeur de longue dur\u00e9e<\/p>\n","protected":false},"featured_media":35093,"comment_status":"closed","ping_status":"closed","template":"","meta":{"_acf_changed":false},"product_cat":[177],"product_tag":[],"class_list":{"0":"post-5692","1":"product","2":"type-product","3":"status-publish","4":"has-post-thumbnail","6":"product_cat-nettoyant-categorie","8":"first","9":"instock","10":"taxable","11":"shipping-taxable","12":"purchasable","13":"product-type-variable"},"acf":[],"_links":{"self":[{"href":"https:\/\/www.ct-chemie.ch\/fr\/wp-json\/wp\/v2\/product\/5692","targetHints":{"allow":["GET"]}}],"collection":[{"href":"https:\/\/www.ct-chemie.ch\/fr\/wp-json\/wp\/v2\/product"}],"about":[{"href":"https:\/\/www.ct-chemie.ch\/fr\/wp-json\/wp\/v2\/types\/product"}],"replies":[{"embeddable":true,"href":"https:\/\/www.ct-chemie.ch\/fr\/wp-json\/wp\/v2\/comments?post=5692"}],"wp:featuredmedia":[{"embeddable":true,"href":"https:\/\/www.ct-chemie.ch\/fr\/wp-json\/wp\/v2\/media\/35093"}],"wp:attachment":[{"href":"https:\/\/www.ct-chemie.ch\/fr\/wp-json\/wp\/v2\/media?parent=5692"}],"wp:term":[{"taxonomy":"product_cat","embeddable":true,"href":"https:\/\/www.ct-chemie.ch\/fr\/wp-json\/wp\/v2\/product_cat?post=5692"},{"taxonomy":"product_tag","embeddable":true,"href":"https:\/\/www.ct-chemie.ch\/fr\/wp-json\/wp\/v2\/product_tag?post=5692"}],"curies":[{"name":"wp","href":"https:\/\/api.w.org\/{rel}","templated":true}]}}