{"id":5698,"date":"2015-07-01T11:23:50","date_gmt":"2015-07-01T09:23:50","guid":{"rendered":"http:\/\/ct-chemie.ch\/?product=ceteclean-alco-net-2"},"modified":"2024-10-28T07:23:42","modified_gmt":"2024-10-28T06:23:42","slug":"ceteclean-alco-net","status":"publish","type":"product","link":"https:\/\/www.ct-chemie.ch\/fr\/produit\/ceteclean-alco-net\/","title":{"rendered":"CeTeClean Alco-Net"},"content":{"rendered":"<p>Nettoyant polyvalent neutre \u00e0 base d\u2018alcool. Pour le nettoyage minutieux, rapide et sans traces de toutes surfaces \u00e9tanches et rev\u00eatements de sol. Id\u00e9al pour les carreaux en gr\u00e8s c\u00e9rame poli. S\u00e8che vite et sans r\u00e9sidu.<\/p>\n<p>Dosage: 100\u2013300 ml par 10 l d\u2018eau.<\/p>\n<p>Pi\u00e8ce\u00a0\u00e0: 1 l<br \/>\nCarton \u00e0: 6 pce<\/p>\n<p>Pi\u00e8ce \u00e0: 10 l<\/p>\n","protected":false},"excerpt":{"rendered":"<p>Nettoyant polyvalent neutre \u00e0 base d\u2018alcool<\/p>\n","protected":false},"featured_media":35096,"comment_status":"closed","ping_status":"closed","template":"","meta":{"_acf_changed":false},"product_cat":[177],"product_tag":[],"class_list":{"0":"post-5698","1":"product","2":"type-product","3":"status-publish","4":"has-post-thumbnail","6":"product_cat-nettoyant-categorie","8":"first","9":"instock","10":"taxable","11":"shipping-taxable","12":"purchasable","13":"product-type-variable"},"acf":[],"_links":{"self":[{"href":"https:\/\/www.ct-chemie.ch\/fr\/wp-json\/wp\/v2\/product\/5698","targetHints":{"allow":["GET"]}}],"collection":[{"href":"https:\/\/www.ct-chemie.ch\/fr\/wp-json\/wp\/v2\/product"}],"about":[{"href":"https:\/\/www.ct-chemie.ch\/fr\/wp-json\/wp\/v2\/types\/product"}],"replies":[{"embeddable":true,"href":"https:\/\/www.ct-chemie.ch\/fr\/wp-json\/wp\/v2\/comments?post=5698"}],"wp:featuredmedia":[{"embeddable":true,"href":"https:\/\/www.ct-chemie.ch\/fr\/wp-json\/wp\/v2\/media\/35096"}],"wp:attachment":[{"href":"https:\/\/www.ct-chemie.ch\/fr\/wp-json\/wp\/v2\/media?parent=5698"}],"wp:term":[{"taxonomy":"product_cat","embeddable":true,"href":"https:\/\/www.ct-chemie.ch\/fr\/wp-json\/wp\/v2\/product_cat?post=5698"},{"taxonomy":"product_tag","embeddable":true,"href":"https:\/\/www.ct-chemie.ch\/fr\/wp-json\/wp\/v2\/product_tag?post=5698"}],"curies":[{"name":"wp","href":"https:\/\/api.w.org\/{rel}","templated":true}]}}