{"id":5707,"date":"2015-07-01T11:28:05","date_gmt":"2015-07-01T09:28:05","guid":{"rendered":"http:\/\/ct-chemie.ch\/?product=ceteclean-activ-wash-2"},"modified":"2025-01-22T08:15:13","modified_gmt":"2025-01-22T07:15:13","slug":"ceteclean-activ-wash","status":"publish","type":"product","link":"https:\/\/www.ct-chemie.ch\/fr\/produit\/ceteclean-activ-wash\/","title":{"rendered":"CeTeClean Activ-Wash"},"content":{"rendered":"<p class=\"p1\">Nettoyant d\u2018entretien doux qui nettoie et entretient en un seul passage. Convient \u00e0 tous les rev\u00eatements en pierre naturelle et artificielle, terre cuite, clinker, parquet, PVC, linol\u00e9um et toutes surfaces r\u00e9sistantes \u00e0 l\u2018eau. Lorsqu\u2018ils sont utilis\u00e9s dans le bon dosage, les ingr\u00e9dients hydrosolubles emp\u00eachent la formation de stries et ne s\u2018accumulent pas en couches.<\/p>\n<p>Dosage: 50\u2013150 ml par 10 l d\u2019eau.<\/p>\n<p>Pi\u00e8ce\u00a0\u00e0: 1 l<br \/>\nCarton \u00e0: 6 pce<\/p>\n<p>Pi\u00e8ce \u00e0: 10 l<\/p>\n","protected":false},"excerpt":{"rendered":"<p>Nettoyant d&rsquo;entretien doux qui nettoie et entretient en un seul passage<\/p>\n","protected":false},"featured_media":35088,"comment_status":"closed","ping_status":"closed","template":"","meta":{"_acf_changed":false},"product_cat":[177],"product_tag":[],"class_list":{"0":"post-5707","1":"product","2":"type-product","3":"status-publish","4":"has-post-thumbnail","6":"product_cat-nettoyant-categorie","8":"first","9":"instock","10":"taxable","11":"shipping-taxable","12":"purchasable","13":"product-type-variable"},"acf":[],"_links":{"self":[{"href":"https:\/\/www.ct-chemie.ch\/fr\/wp-json\/wp\/v2\/product\/5707","targetHints":{"allow":["GET"]}}],"collection":[{"href":"https:\/\/www.ct-chemie.ch\/fr\/wp-json\/wp\/v2\/product"}],"about":[{"href":"https:\/\/www.ct-chemie.ch\/fr\/wp-json\/wp\/v2\/types\/product"}],"replies":[{"embeddable":true,"href":"https:\/\/www.ct-chemie.ch\/fr\/wp-json\/wp\/v2\/comments?post=5707"}],"wp:featuredmedia":[{"embeddable":true,"href":"https:\/\/www.ct-chemie.ch\/fr\/wp-json\/wp\/v2\/media\/35088"}],"wp:attachment":[{"href":"https:\/\/www.ct-chemie.ch\/fr\/wp-json\/wp\/v2\/media?parent=5707"}],"wp:term":[{"taxonomy":"product_cat","embeddable":true,"href":"https:\/\/www.ct-chemie.ch\/fr\/wp-json\/wp\/v2\/product_cat?post=5707"},{"taxonomy":"product_tag","embeddable":true,"href":"https:\/\/www.ct-chemie.ch\/fr\/wp-json\/wp\/v2\/product_tag?post=5707"}],"curies":[{"name":"wp","href":"https:\/\/api.w.org\/{rel}","templated":true}]}}