{"id":5925,"date":"2015-07-01T14:10:57","date_gmt":"2015-07-01T12:10:57","guid":{"rendered":"http:\/\/ct-chemie.ch\/?product=frottoir-pour-les-bords"},"modified":"2024-10-04T16:03:59","modified_gmt":"2024-10-04T14:03:59","slug":"frottoir-pour-les-bords","status":"publish","type":"product","link":"https:\/\/www.ct-chemie.ch\/fr\/produit\/frottoir-pour-les-bords\/","title":{"rendered":"Pad-Master"},"content":{"rendered":"<p>Appareil de nettoyage en plastique pour les bords et les petites surfaces, avec rev\u00eatement aiguillet\u00e9. Avec poign\u00e9e ou support pour poign\u00e9e en aluminium, adapt\u00e9 aux pads \u00e0 main.<\/p>\n","protected":false},"excerpt":{"rendered":"<p>Appareil de nettoyage en plastique<\/p>\n","protected":false},"featured_media":16791,"comment_status":"closed","ping_status":"closed","template":"","meta":{"_acf_changed":false},"product_cat":[173],"product_tag":[],"class_list":{"0":"post-5925","1":"product","2":"type-product","3":"status-publish","4":"has-post-thumbnail","6":"product_cat-accessoires-utensils-fr","8":"first","9":"instock","10":"taxable","11":"shipping-taxable","12":"purchasable","13":"product-type-variable"},"acf":[],"_links":{"self":[{"href":"https:\/\/www.ct-chemie.ch\/fr\/wp-json\/wp\/v2\/product\/5925","targetHints":{"allow":["GET"]}}],"collection":[{"href":"https:\/\/www.ct-chemie.ch\/fr\/wp-json\/wp\/v2\/product"}],"about":[{"href":"https:\/\/www.ct-chemie.ch\/fr\/wp-json\/wp\/v2\/types\/product"}],"replies":[{"embeddable":true,"href":"https:\/\/www.ct-chemie.ch\/fr\/wp-json\/wp\/v2\/comments?post=5925"}],"wp:featuredmedia":[{"embeddable":true,"href":"https:\/\/www.ct-chemie.ch\/fr\/wp-json\/wp\/v2\/media\/16791"}],"wp:attachment":[{"href":"https:\/\/www.ct-chemie.ch\/fr\/wp-json\/wp\/v2\/media?parent=5925"}],"wp:term":[{"taxonomy":"product_cat","embeddable":true,"href":"https:\/\/www.ct-chemie.ch\/fr\/wp-json\/wp\/v2\/product_cat?post=5925"},{"taxonomy":"product_tag","embeddable":true,"href":"https:\/\/www.ct-chemie.ch\/fr\/wp-json\/wp\/v2\/product_tag?post=5925"}],"curies":[{"name":"wp","href":"https:\/\/api.w.org\/{rel}","templated":true}]}}