{"id":5999,"date":"2015-07-01T14:50:05","date_gmt":"2015-07-01T12:50:05","guid":{"rendered":"http:\/\/ct-chemie.ch\/?product=chiffons"},"modified":"2024-10-04T16:15:35","modified_gmt":"2024-10-04T14:15:35","slug":"chiffons","status":"publish","type":"product","link":"https:\/\/www.ct-chemie.ch\/fr\/produit\/chiffons\/","title":{"rendered":"Chiffons"},"content":{"rendered":"<p>Chiffons en coton (1ere qualit\u00e9) pour nettoyage universel, ne peluchent pas, r\u00e9sistants aux d\u00e9chirures. Blanc ou en couleurs.<\/p>\n<p>P<span class=\"hps\">i\u00e8ce<\/span> \u00e0: 5 kg<br \/>\nCarton \u00e0: 5 pce<\/p>\n","protected":false},"excerpt":{"rendered":"<p>Chiffons en coton (1ere qualit\u00e9)<\/p>\n","protected":false},"featured_media":5997,"comment_status":"closed","ping_status":"closed","template":"","meta":{"_acf_changed":false},"product_cat":[173],"product_tag":[],"class_list":{"0":"post-5999","1":"product","2":"type-product","3":"status-publish","4":"has-post-thumbnail","6":"product_cat-accessoires-utensils-fr","8":"first","9":"instock","10":"taxable","11":"shipping-taxable","12":"purchasable","13":"product-type-variable"},"acf":[],"_links":{"self":[{"href":"https:\/\/www.ct-chemie.ch\/fr\/wp-json\/wp\/v2\/product\/5999","targetHints":{"allow":["GET"]}}],"collection":[{"href":"https:\/\/www.ct-chemie.ch\/fr\/wp-json\/wp\/v2\/product"}],"about":[{"href":"https:\/\/www.ct-chemie.ch\/fr\/wp-json\/wp\/v2\/types\/product"}],"replies":[{"embeddable":true,"href":"https:\/\/www.ct-chemie.ch\/fr\/wp-json\/wp\/v2\/comments?post=5999"}],"wp:featuredmedia":[{"embeddable":true,"href":"https:\/\/www.ct-chemie.ch\/fr\/wp-json\/wp\/v2\/media\/5997"}],"wp:attachment":[{"href":"https:\/\/www.ct-chemie.ch\/fr\/wp-json\/wp\/v2\/media?parent=5999"}],"wp:term":[{"taxonomy":"product_cat","embeddable":true,"href":"https:\/\/www.ct-chemie.ch\/fr\/wp-json\/wp\/v2\/product_cat?post=5999"},{"taxonomy":"product_tag","embeddable":true,"href":"https:\/\/www.ct-chemie.ch\/fr\/wp-json\/wp\/v2\/product_tag?post=5999"}],"curies":[{"name":"wp","href":"https:\/\/api.w.org\/{rel}","templated":true}]}}