{"id":6040,"date":"2015-07-02T07:44:55","date_gmt":"2015-07-02T05:44:55","guid":{"rendered":"http:\/\/ct-chemie.ch\/?product=easy-cleaner-2"},"modified":"2024-10-04T17:00:47","modified_gmt":"2024-10-04T15:00:47","slug":"easy-cleaner","status":"publish","type":"product","link":"https:\/\/www.ct-chemie.ch\/fr\/produit\/easy-cleaner\/","title":{"rendered":"Easy-Cleaner"},"content":{"rendered":"<p>Outil de nettoyage pratique compos\u00e9 d\u2018un manche en alu avec r\u00e9servoir int\u00e9gr\u00e9 et porte-chiffon velcro pour un nettoyage facile des rev\u00eatements de sol. Plus besoin de porter des seaux. Remplir 450 ml de solution de nettoyage dans le manche en alu, actionner le bouton vaporisateur \u2013 essuyer \u2013 propre.<\/p>\n","protected":false},"excerpt":{"rendered":"<p>Outil de nettoyage pratique<\/p>\n","protected":false},"featured_media":11143,"comment_status":"closed","ping_status":"closed","template":"","meta":{"_acf_changed":false},"product_cat":[173],"product_tag":[],"class_list":{"0":"post-6040","1":"product","2":"type-product","3":"status-publish","4":"has-post-thumbnail","6":"product_cat-accessoires-utensils-fr","8":"first","9":"instock","10":"taxable","11":"shipping-taxable","12":"purchasable","13":"product-type-simple"},"acf":[],"_links":{"self":[{"href":"https:\/\/www.ct-chemie.ch\/fr\/wp-json\/wp\/v2\/product\/6040","targetHints":{"allow":["GET"]}}],"collection":[{"href":"https:\/\/www.ct-chemie.ch\/fr\/wp-json\/wp\/v2\/product"}],"about":[{"href":"https:\/\/www.ct-chemie.ch\/fr\/wp-json\/wp\/v2\/types\/product"}],"replies":[{"embeddable":true,"href":"https:\/\/www.ct-chemie.ch\/fr\/wp-json\/wp\/v2\/comments?post=6040"}],"wp:featuredmedia":[{"embeddable":true,"href":"https:\/\/www.ct-chemie.ch\/fr\/wp-json\/wp\/v2\/media\/11143"}],"wp:attachment":[{"href":"https:\/\/www.ct-chemie.ch\/fr\/wp-json\/wp\/v2\/media?parent=6040"}],"wp:term":[{"taxonomy":"product_cat","embeddable":true,"href":"https:\/\/www.ct-chemie.ch\/fr\/wp-json\/wp\/v2\/product_cat?post=6040"},{"taxonomy":"product_tag","embeddable":true,"href":"https:\/\/www.ct-chemie.ch\/fr\/wp-json\/wp\/v2\/product_tag?post=6040"}],"curies":[{"name":"wp","href":"https:\/\/api.w.org\/{rel}","templated":true}]}}