{"id":6043,"date":"2015-07-02T07:49:42","date_gmt":"2015-07-02T05:49:42","guid":{"rendered":"http:\/\/ct-chemie.ch\/?product=easy-cleaner-mop-2"},"modified":"2024-10-04T17:08:30","modified_gmt":"2024-10-04T15:08:30","slug":"easy-cleaner-mop","status":"publish","type":"product","link":"https:\/\/www.ct-chemie.ch\/fr\/produit\/easy-cleaner-mop\/","title":{"rendered":"Easy-Cleaner Mop"},"content":{"rendered":"<p>Balai \u00e0 franges avec velcro en microfibre de qualit\u00e9 sup\u00e9rieure, covient pour c\u00e9ramique, PVC, linoleum etc.<\/p>\n<p>Largeur: 45 cm<\/p>\n","protected":false},"excerpt":{"rendered":"<p>Balai \u00e0 franges avec velcro<\/p>\n","protected":false},"featured_media":35114,"comment_status":"closed","ping_status":"closed","template":"","meta":{"_acf_changed":false},"product_cat":[173],"product_tag":[],"class_list":{"0":"post-6043","1":"product","2":"type-product","3":"status-publish","4":"has-post-thumbnail","6":"product_cat-accessoires-utensils-fr","8":"first","9":"instock","10":"taxable","11":"shipping-taxable","12":"purchasable","13":"product-type-simple"},"acf":[],"_links":{"self":[{"href":"https:\/\/www.ct-chemie.ch\/fr\/wp-json\/wp\/v2\/product\/6043","targetHints":{"allow":["GET"]}}],"collection":[{"href":"https:\/\/www.ct-chemie.ch\/fr\/wp-json\/wp\/v2\/product"}],"about":[{"href":"https:\/\/www.ct-chemie.ch\/fr\/wp-json\/wp\/v2\/types\/product"}],"replies":[{"embeddable":true,"href":"https:\/\/www.ct-chemie.ch\/fr\/wp-json\/wp\/v2\/comments?post=6043"}],"wp:featuredmedia":[{"embeddable":true,"href":"https:\/\/www.ct-chemie.ch\/fr\/wp-json\/wp\/v2\/media\/35114"}],"wp:attachment":[{"href":"https:\/\/www.ct-chemie.ch\/fr\/wp-json\/wp\/v2\/media?parent=6043"}],"wp:term":[{"taxonomy":"product_cat","embeddable":true,"href":"https:\/\/www.ct-chemie.ch\/fr\/wp-json\/wp\/v2\/product_cat?post=6043"},{"taxonomy":"product_tag","embeddable":true,"href":"https:\/\/www.ct-chemie.ch\/fr\/wp-json\/wp\/v2\/product_tag?post=6043"}],"curies":[{"name":"wp","href":"https:\/\/api.w.org\/{rel}","templated":true}]}}