{"id":6090,"date":"2015-07-02T08:18:13","date_gmt":"2015-07-02T06:18:13","guid":{"rendered":"http:\/\/ct-chemie.ch\/?post_type=product&#038;p=6090"},"modified":"2024-10-04T17:41:36","modified_gmt":"2024-10-04T15:41:36","slug":"racloir-en-caoutchouc","status":"publish","type":"product","link":"https:\/\/www.ct-chemie.ch\/fr\/produit\/racloir-en-caoutchouc\/","title":{"rendered":"Racloir en caoutchouc"},"content":{"rendered":"<p>Pour le nettoyage des fen\u00eatres ou l\u2018enl\u00e8vement de mat\u00e9riaux superflus sur des surfaces lisses. Poign\u00e9e et cadre en caoutchouc disponibles s\u00e9par\u00e9ment.<\/p>\n","protected":false},"excerpt":{"rendered":"<p>pour le nettoyage des fen\u00eatres ou l\u2018enl\u00e8vement de mat\u00e9riaux superflus<\/p>\n","protected":false},"featured_media":27924,"comment_status":"closed","ping_status":"closed","template":"","meta":{"_acf_changed":false},"product_cat":[173],"product_tag":[],"class_list":{"0":"post-6090","1":"product","2":"type-product","3":"status-publish","4":"has-post-thumbnail","6":"product_cat-accessoires-utensils-fr","8":"first","9":"instock","10":"taxable","11":"shipping-taxable","12":"purchasable","13":"product-type-variable"},"acf":[],"_links":{"self":[{"href":"https:\/\/www.ct-chemie.ch\/fr\/wp-json\/wp\/v2\/product\/6090","targetHints":{"allow":["GET"]}}],"collection":[{"href":"https:\/\/www.ct-chemie.ch\/fr\/wp-json\/wp\/v2\/product"}],"about":[{"href":"https:\/\/www.ct-chemie.ch\/fr\/wp-json\/wp\/v2\/types\/product"}],"replies":[{"embeddable":true,"href":"https:\/\/www.ct-chemie.ch\/fr\/wp-json\/wp\/v2\/comments?post=6090"}],"wp:featuredmedia":[{"embeddable":true,"href":"https:\/\/www.ct-chemie.ch\/fr\/wp-json\/wp\/v2\/media\/27924"}],"wp:attachment":[{"href":"https:\/\/www.ct-chemie.ch\/fr\/wp-json\/wp\/v2\/media?parent=6090"}],"wp:term":[{"taxonomy":"product_cat","embeddable":true,"href":"https:\/\/www.ct-chemie.ch\/fr\/wp-json\/wp\/v2\/product_cat?post=6090"},{"taxonomy":"product_tag","embeddable":true,"href":"https:\/\/www.ct-chemie.ch\/fr\/wp-json\/wp\/v2\/product_tag?post=6090"}],"curies":[{"name":"wp","href":"https:\/\/api.w.org\/{rel}","templated":true}]}}