{"id":6120,"date":"2015-07-02T08:42:55","date_gmt":"2015-07-02T06:42:55","guid":{"rendered":"http:\/\/ct-chemie.ch\/?product=etrier"},"modified":"2024-10-04T17:44:21","modified_gmt":"2024-10-04T15:44:21","slug":"etrier-2","status":"publish","type":"product","link":"https:\/\/www.ct-chemie.ch\/fr\/produit\/etrier-2\/","title":{"rendered":"Rouleau \u00e0 vernis"},"content":{"rendered":"<p>Rouleau \u00e0 vernis \u00e0 poils courts pour l\u2018application de produits solubles \u00e0 base d\u2019eau et de solvent.<\/p>\n<p>Largeur:<br \/>\n10 cm \/ \u00d8 60 mm <strong>Jusqu\u2018\u00e0 \u00e9puisement des stocks<br \/>\n<\/strong>25 cm \/ \u00d8 60 mm<\/p>\n","protected":false},"excerpt":{"rendered":"<p>Rouleau \u00e0 vernis \u00e0 poils courts<\/p>\n","protected":false},"featured_media":12040,"comment_status":"closed","ping_status":"closed","template":"","meta":{"_acf_changed":false},"product_cat":[173],"product_tag":[],"class_list":{"0":"post-6120","1":"product","2":"type-product","3":"status-publish","4":"has-post-thumbnail","6":"product_cat-accessoires-utensils-fr","8":"first","9":"instock","10":"taxable","11":"shipping-taxable","12":"purchasable","13":"product-type-variable"},"acf":[],"_links":{"self":[{"href":"https:\/\/www.ct-chemie.ch\/fr\/wp-json\/wp\/v2\/product\/6120","targetHints":{"allow":["GET"]}}],"collection":[{"href":"https:\/\/www.ct-chemie.ch\/fr\/wp-json\/wp\/v2\/product"}],"about":[{"href":"https:\/\/www.ct-chemie.ch\/fr\/wp-json\/wp\/v2\/types\/product"}],"replies":[{"embeddable":true,"href":"https:\/\/www.ct-chemie.ch\/fr\/wp-json\/wp\/v2\/comments?post=6120"}],"wp:featuredmedia":[{"embeddable":true,"href":"https:\/\/www.ct-chemie.ch\/fr\/wp-json\/wp\/v2\/media\/12040"}],"wp:attachment":[{"href":"https:\/\/www.ct-chemie.ch\/fr\/wp-json\/wp\/v2\/media?parent=6120"}],"wp:term":[{"taxonomy":"product_cat","embeddable":true,"href":"https:\/\/www.ct-chemie.ch\/fr\/wp-json\/wp\/v2\/product_cat?post=6120"},{"taxonomy":"product_tag","embeddable":true,"href":"https:\/\/www.ct-chemie.ch\/fr\/wp-json\/wp\/v2\/product_tag?post=6120"}],"curies":[{"name":"wp","href":"https:\/\/api.w.org\/{rel}","templated":true}]}}