{"id":6127,"date":"2015-07-02T09:10:36","date_gmt":"2015-07-02T07:10:36","guid":{"rendered":"http:\/\/ct-chemie.ch\/?product=etrier"},"modified":"2024-10-04T17:48:26","modified_gmt":"2024-10-04T15:48:26","slug":"etrier","status":"publish","type":"product","link":"https:\/\/www.ct-chemie.ch\/fr\/produit\/etrier\/","title":{"rendered":"\u00c9trier"},"content":{"rendered":"<p>\u00c9trier de blocage en m\u00e9tal avec une poign\u00e9e en plastique et fermeture rapide.<\/p>\n<p>Largeur:<br \/>\n25 cm x 29 cm<\/p>\n","protected":false},"excerpt":{"rendered":"<p>\u00c9trier de blocage en m\u00e9tal avec une poign\u00e9e en plastique et fermeture rapide<\/p>\n","protected":false},"featured_media":12082,"comment_status":"closed","ping_status":"closed","template":"","meta":{"_acf_changed":false},"product_cat":[173],"product_tag":[],"class_list":{"0":"post-6127","1":"product","2":"type-product","3":"status-publish","4":"has-post-thumbnail","6":"product_cat-accessoires-utensils-fr","8":"first","9":"instock","10":"taxable","11":"shipping-taxable","12":"purchasable","13":"product-type-simple"},"acf":[],"_links":{"self":[{"href":"https:\/\/www.ct-chemie.ch\/fr\/wp-json\/wp\/v2\/product\/6127","targetHints":{"allow":["GET"]}}],"collection":[{"href":"https:\/\/www.ct-chemie.ch\/fr\/wp-json\/wp\/v2\/product"}],"about":[{"href":"https:\/\/www.ct-chemie.ch\/fr\/wp-json\/wp\/v2\/types\/product"}],"replies":[{"embeddable":true,"href":"https:\/\/www.ct-chemie.ch\/fr\/wp-json\/wp\/v2\/comments?post=6127"}],"wp:featuredmedia":[{"embeddable":true,"href":"https:\/\/www.ct-chemie.ch\/fr\/wp-json\/wp\/v2\/media\/12082"}],"wp:attachment":[{"href":"https:\/\/www.ct-chemie.ch\/fr\/wp-json\/wp\/v2\/media?parent=6127"}],"wp:term":[{"taxonomy":"product_cat","embeddable":true,"href":"https:\/\/www.ct-chemie.ch\/fr\/wp-json\/wp\/v2\/product_cat?post=6127"},{"taxonomy":"product_tag","embeddable":true,"href":"https:\/\/www.ct-chemie.ch\/fr\/wp-json\/wp\/v2\/product_tag?post=6127"}],"curies":[{"name":"wp","href":"https:\/\/api.w.org\/{rel}","templated":true}]}}