{"id":6328,"date":"2015-07-06T08:03:50","date_gmt":"2015-07-06T06:03:50","guid":{"rendered":"http:\/\/ct-chemie.ch\/?product=hmk-r154-2"},"modified":"2026-04-14T11:15:25","modified_gmt":"2026-04-14T09:15:25","slug":"hmk-r154","status":"publish","type":"product","link":"https:\/\/www.ct-chemie.ch\/fr\/produit\/hmk-r154\/","title":{"rendered":"HMK R154"},"content":{"rendered":"<p>Dissolvant<br \/>\nElimine les anciennes vitrifications, les films de produit de nettoyage et de cire, l\u2018asphalte, le bitume, les graisses et l\u2018huiles de tous les carreaux, m\u00eame polis, en pierre naturelle et artificielle, en terre cuite et en briques recuites. Les souillures sont rendues solubles dans l\u2018eau et \u00e9limin\u00e9es. R\u00e9laver avec HMK\u00ae R155. Contient des solvants.<\/p>\n<p>Rendement: env. 5 \u2013 10 m2\/l<\/p>\n<p>Pi\u00e8ce\u00a0\u00e0: 1 l<br \/>\nCarton \u00e0: 12 pce<\/p>\n<p>Pi\u00e8ce\u00a0\u00e0: 5 l<br \/>\nCarton \u00e0: 2 pce<\/p>\n","protected":false},"excerpt":{"rendered":"<p>Dissolvant<\/p>\n","protected":false},"featured_media":37373,"comment_status":"closed","ping_status":"closed","template":"","meta":{"_acf_changed":false},"product_cat":[189,1592],"product_tag":[],"class_list":{"0":"post-6328","1":"product","2":"type-product","3":"status-publish","4":"has-post-thumbnail","6":"product_cat-basic-line","7":"product_cat-privat","9":"first","10":"instock","11":"taxable","12":"shipping-taxable","13":"purchasable","14":"product-type-variable"},"acf":[],"_links":{"self":[{"href":"https:\/\/www.ct-chemie.ch\/fr\/wp-json\/wp\/v2\/product\/6328","targetHints":{"allow":["GET"]}}],"collection":[{"href":"https:\/\/www.ct-chemie.ch\/fr\/wp-json\/wp\/v2\/product"}],"about":[{"href":"https:\/\/www.ct-chemie.ch\/fr\/wp-json\/wp\/v2\/types\/product"}],"replies":[{"embeddable":true,"href":"https:\/\/www.ct-chemie.ch\/fr\/wp-json\/wp\/v2\/comments?post=6328"}],"wp:featuredmedia":[{"embeddable":true,"href":"https:\/\/www.ct-chemie.ch\/fr\/wp-json\/wp\/v2\/media\/37373"}],"wp:attachment":[{"href":"https:\/\/www.ct-chemie.ch\/fr\/wp-json\/wp\/v2\/media?parent=6328"}],"wp:term":[{"taxonomy":"product_cat","embeddable":true,"href":"https:\/\/www.ct-chemie.ch\/fr\/wp-json\/wp\/v2\/product_cat?post=6328"},{"taxonomy":"product_tag","embeddable":true,"href":"https:\/\/www.ct-chemie.ch\/fr\/wp-json\/wp\/v2\/product_tag?post=6328"}],"curies":[{"name":"wp","href":"https:\/\/api.w.org\/{rel}","templated":true}]}}