{"id":6346,"date":"2015-07-06T08:16:10","date_gmt":"2015-07-06T06:16:10","guid":{"rendered":"http:\/\/ct-chemie.ch\/?product=hmk-r155-2"},"modified":"2025-02-10T17:06:09","modified_gmt":"2025-02-10T16:06:09","slug":"hmk-r155","status":"publish","type":"product","link":"https:\/\/www.ct-chemie.ch\/fr\/produit\/hmk-r155\/","title":{"rendered":"HMK R155"},"content":{"rendered":"<p>Nettoyant de fond-sans acide<br \/>\nElimine les salissures de construction, les colorants en dispersion, les couches auto-brillantes, les r\u00e9sidus de produit d\u2018entretien, l\u2018huiles et les graisses, de m\u00eame que le l\u00e9ger voile de ciment de la pierre naturelle et artificielle \u00e0 l\u2019int\u00e9rieur et \u00e0 l\u2019ext\u00e9rieur. Les surfaces polies ne sont pas attaqu\u00e9es.<\/p>\n<p>Rendement: ca. 10 \u2013 30 m2\/l<\/p>\n<p>Pi\u00e8ce \u00e0: 250 ml<br \/>\nCarton \u00e0: 30 pce<\/p>\n<p>Pi\u00e8ce \u00e0: 1 l<br \/>\nCarton \u00e0: 12 pce<\/p>\n<p>Pi\u00e8ce \u00e0: 5 l<br \/>\nCarton \u00e0: 2 pce<\/p>\n<p>Pi\u00e8ce \u00e0: 10 l<\/p>\n","protected":false},"excerpt":{"rendered":"<p>Nettoyant de fond-sans acide<\/p>\n","protected":false},"featured_media":37379,"comment_status":"closed","ping_status":"closed","template":"","meta":{"_acf_changed":false},"product_cat":[1592,191],"product_tag":[],"class_list":{"0":"post-6346","1":"product","2":"type-product","3":"status-publish","4":"has-post-thumbnail","6":"product_cat-privat","7":"product_cat-stone-line","9":"first","10":"instock","11":"taxable","12":"shipping-taxable","13":"purchasable","14":"product-type-variable"},"acf":[],"_links":{"self":[{"href":"https:\/\/www.ct-chemie.ch\/fr\/wp-json\/wp\/v2\/product\/6346","targetHints":{"allow":["GET"]}}],"collection":[{"href":"https:\/\/www.ct-chemie.ch\/fr\/wp-json\/wp\/v2\/product"}],"about":[{"href":"https:\/\/www.ct-chemie.ch\/fr\/wp-json\/wp\/v2\/types\/product"}],"replies":[{"embeddable":true,"href":"https:\/\/www.ct-chemie.ch\/fr\/wp-json\/wp\/v2\/comments?post=6346"}],"wp:featuredmedia":[{"embeddable":true,"href":"https:\/\/www.ct-chemie.ch\/fr\/wp-json\/wp\/v2\/media\/37379"}],"wp:attachment":[{"href":"https:\/\/www.ct-chemie.ch\/fr\/wp-json\/wp\/v2\/media?parent=6346"}],"wp:term":[{"taxonomy":"product_cat","embeddable":true,"href":"https:\/\/www.ct-chemie.ch\/fr\/wp-json\/wp\/v2\/product_cat?post=6346"},{"taxonomy":"product_tag","embeddable":true,"href":"https:\/\/www.ct-chemie.ch\/fr\/wp-json\/wp\/v2\/product_tag?post=6346"}],"curies":[{"name":"wp","href":"https:\/\/api.w.org\/{rel}","templated":true}]}}