{"id":6363,"date":"2015-07-06T08:34:43","date_gmt":"2015-07-06T06:34:43","guid":{"rendered":"http:\/\/ct-chemie.ch\/?product=hmk-r156-2"},"modified":"2025-02-10T17:16:53","modified_gmt":"2025-02-10T16:16:53","slug":"hmk-r156","status":"publish","type":"product","link":"https:\/\/www.ct-chemie.ch\/fr\/produit\/hmk-r156\/","title":{"rendered":"HMK R156"},"content":{"rendered":"<p>Douche-Net Marbre<br \/>\nElimine les r\u00e9sidus de savon, les l\u00e9gers d\u00e9p\u00f4ts de calcaire et des salissures sur les surfaces brutes, ponc\u00e9es et polies en pierre naturelle et artificielle dans la zone de la douche, du bain, et la zone humide. Les joints encrass\u00e9s redeviennent propres.<\/p>\n<p>Rendement: env. 5 \u2013 10 m2\/500 ml<\/p>\n<p>Pi\u00e8ce \u00e0: 500 ml<br \/>\nCarton \u00e0: 12 pce<\/p>\n","protected":false},"excerpt":{"rendered":"<p>Douche-Net Marbre<\/p>\n","protected":false},"featured_media":37385,"comment_status":"closed","ping_status":"closed","template":"","meta":{"_acf_changed":false},"product_cat":[1592,191],"product_tag":[],"class_list":{"0":"post-6363","1":"product","2":"type-product","3":"status-publish","4":"has-post-thumbnail","6":"product_cat-privat","7":"product_cat-stone-line","9":"first","10":"instock","11":"taxable","12":"shipping-taxable","13":"purchasable","14":"product-type-variable"},"acf":[],"_links":{"self":[{"href":"https:\/\/www.ct-chemie.ch\/fr\/wp-json\/wp\/v2\/product\/6363","targetHints":{"allow":["GET"]}}],"collection":[{"href":"https:\/\/www.ct-chemie.ch\/fr\/wp-json\/wp\/v2\/product"}],"about":[{"href":"https:\/\/www.ct-chemie.ch\/fr\/wp-json\/wp\/v2\/types\/product"}],"replies":[{"embeddable":true,"href":"https:\/\/www.ct-chemie.ch\/fr\/wp-json\/wp\/v2\/comments?post=6363"}],"wp:featuredmedia":[{"embeddable":true,"href":"https:\/\/www.ct-chemie.ch\/fr\/wp-json\/wp\/v2\/media\/37385"}],"wp:attachment":[{"href":"https:\/\/www.ct-chemie.ch\/fr\/wp-json\/wp\/v2\/media?parent=6363"}],"wp:term":[{"taxonomy":"product_cat","embeddable":true,"href":"https:\/\/www.ct-chemie.ch\/fr\/wp-json\/wp\/v2\/product_cat?post=6363"},{"taxonomy":"product_tag","embeddable":true,"href":"https:\/\/www.ct-chemie.ch\/fr\/wp-json\/wp\/v2\/product_tag?post=6363"}],"curies":[{"name":"wp","href":"https:\/\/api.w.org\/{rel}","templated":true}]}}