{"id":6373,"date":"2015-07-06T08:42:11","date_gmt":"2015-07-06T06:42:11","guid":{"rendered":"http:\/\/ct-chemie.ch\/?product=hmk-r157-2"},"modified":"2025-10-14T11:39:54","modified_gmt":"2025-10-14T09:39:54","slug":"hmk-r157","status":"publish","type":"product","link":"https:\/\/www.ct-chemie.ch\/fr\/produit\/hmk-r157\/","title":{"rendered":"HMK R157"},"content":{"rendered":"<p>Intensif-Net<br \/>\nElimine les couches de salissures huileuses et graisseuses, les r\u00e9sidus de produit d\u2018entretien et les salissures de construction de la c\u00e9ramique \u00e9maill\u00e9e et non \u00e9maill\u00e9e, du gr\u00e8s-c\u00e9rame, des carreaux en terre cuite et en briques recuites \u00e0 l\u2019int\u00e9rieur et \u00e0 l\u2019ext\u00e9rieur. Les surfaces polies ne sont pas attaqu\u00e9es.<\/p>\n<p>Rendement: env. 10 \u2013 80 m2\/l<\/p>\n<p>Pi\u00e8ce \u00e0: 250 ml<br \/>\nCarton \u00e0: 30 pce<\/p>\n<p>Pi\u00e8ce \u00e0: 1 l<br \/>\nCarton \u00e0: 12 pce<\/p>\n<p>Pi\u00e8ce \u00e0: 5 l<br \/>\nCarton \u00e0: 2 pce<\/p>\n","protected":false},"excerpt":{"rendered":"<p>Intensif-Net<\/p>\n","protected":false},"featured_media":34156,"comment_status":"closed","ping_status":"closed","template":"","meta":{"_acf_changed":false},"product_cat":[187,1592],"product_tag":[],"class_list":{"0":"post-6373","1":"product","2":"type-product","3":"status-publish","4":"has-post-thumbnail","6":"product_cat-ceramic-line","7":"product_cat-privat","9":"first","10":"instock","11":"taxable","12":"shipping-taxable","13":"purchasable","14":"product-type-variable"},"acf":[],"_links":{"self":[{"href":"https:\/\/www.ct-chemie.ch\/fr\/wp-json\/wp\/v2\/product\/6373","targetHints":{"allow":["GET"]}}],"collection":[{"href":"https:\/\/www.ct-chemie.ch\/fr\/wp-json\/wp\/v2\/product"}],"about":[{"href":"https:\/\/www.ct-chemie.ch\/fr\/wp-json\/wp\/v2\/types\/product"}],"replies":[{"embeddable":true,"href":"https:\/\/www.ct-chemie.ch\/fr\/wp-json\/wp\/v2\/comments?post=6373"}],"wp:featuredmedia":[{"embeddable":true,"href":"https:\/\/www.ct-chemie.ch\/fr\/wp-json\/wp\/v2\/media\/34156"}],"wp:attachment":[{"href":"https:\/\/www.ct-chemie.ch\/fr\/wp-json\/wp\/v2\/media?parent=6373"}],"wp:term":[{"taxonomy":"product_cat","embeddable":true,"href":"https:\/\/www.ct-chemie.ch\/fr\/wp-json\/wp\/v2\/product_cat?post=6373"},{"taxonomy":"product_tag","embeddable":true,"href":"https:\/\/www.ct-chemie.ch\/fr\/wp-json\/wp\/v2\/product_tag?post=6373"}],"curies":[{"name":"wp","href":"https:\/\/api.w.org\/{rel}","templated":true}]}}