{"id":6386,"date":"2015-07-06T09:00:24","date_gmt":"2015-07-06T07:00:24","guid":{"rendered":"http:\/\/ct-chemie.ch\/?product=hmk-r158-2"},"modified":"2024-10-23T14:41:22","modified_gmt":"2024-10-23T12:41:22","slug":"hmk-r158","status":"publish","type":"product","link":"https:\/\/www.ct-chemie.ch\/fr\/produit\/hmk-r158\/","title":{"rendered":"HMK R158"},"content":{"rendered":"<p>Douche-Net<br \/>\nElimine les d\u00e9p\u00f4ts de calcaire, les r\u00e9sidus de savon, les d\u00e9p\u00f4ts d\u2018urine et les d\u00e9p\u00f4ts de souillures sur les surfaces en c\u00e9ramique \u00e9maill\u00e9e, en gr\u00e8s-c\u00e9rame, en verre et en pierre naturelle r\u00e9sistant aux acides, dans la zone de la douche, du bain, et la zone humide. Les joints encrass\u00e9s redeviennent propres. Contient des acides.<\/p>\n<p>Rendement: env. 5 \u2013 10 m2\/500 ml<\/p>\n<p>Pi\u00e8ce \u00e0: 500 ml<br \/>\nCarton \u00e0: 12 pce<\/p>\n","protected":false},"excerpt":{"rendered":"<p>Douche-Net<\/p>\n","protected":false},"featured_media":34162,"comment_status":"closed","ping_status":"closed","template":"","meta":{"_acf_changed":false},"product_cat":[187,1592],"product_tag":[],"class_list":{"0":"post-6386","1":"product","2":"type-product","3":"status-publish","4":"has-post-thumbnail","6":"product_cat-ceramic-line","7":"product_cat-privat","9":"first","10":"instock","11":"taxable","12":"shipping-taxable","13":"purchasable","14":"product-type-variable"},"acf":[],"_links":{"self":[{"href":"https:\/\/www.ct-chemie.ch\/fr\/wp-json\/wp\/v2\/product\/6386","targetHints":{"allow":["GET"]}}],"collection":[{"href":"https:\/\/www.ct-chemie.ch\/fr\/wp-json\/wp\/v2\/product"}],"about":[{"href":"https:\/\/www.ct-chemie.ch\/fr\/wp-json\/wp\/v2\/types\/product"}],"replies":[{"embeddable":true,"href":"https:\/\/www.ct-chemie.ch\/fr\/wp-json\/wp\/v2\/comments?post=6386"}],"wp:featuredmedia":[{"embeddable":true,"href":"https:\/\/www.ct-chemie.ch\/fr\/wp-json\/wp\/v2\/media\/34162"}],"wp:attachment":[{"href":"https:\/\/www.ct-chemie.ch\/fr\/wp-json\/wp\/v2\/media?parent=6386"}],"wp:term":[{"taxonomy":"product_cat","embeddable":true,"href":"https:\/\/www.ct-chemie.ch\/fr\/wp-json\/wp\/v2\/product_cat?post=6386"},{"taxonomy":"product_tag","embeddable":true,"href":"https:\/\/www.ct-chemie.ch\/fr\/wp-json\/wp\/v2\/product_tag?post=6386"}],"curies":[{"name":"wp","href":"https:\/\/api.w.org\/{rel}","templated":true}]}}