{"id":6397,"date":"2015-07-06T09:11:44","date_gmt":"2015-07-06T07:11:44","guid":{"rendered":"http:\/\/ct-chemie.ch\/?product=hmk-r159-2"},"modified":"2024-10-23T14:44:59","modified_gmt":"2024-10-23T12:44:59","slug":"hmk-r159","status":"publish","type":"product","link":"https:\/\/www.ct-chemie.ch\/fr\/produit\/hmk-r159\/","title":{"rendered":"HMK R159"},"content":{"rendered":"<p>Sanitaires-Net<br \/>\nElimine les d\u00e9p\u00f4ts de calcaire et des salissures, les d\u00e9p\u00f4ts d\u2018urine, les r\u00e9sidus de savon et le l\u00e9ger voile de ciment sur des surfaces en c\u00e9ramique \u00e9maill\u00e9e et non \u00e9maill\u00e9e, en gr\u00e8s-c\u00e9rame, en verre et en pierre naturelle r\u00e9sistant aux acides, dans la zone de la douche, du bain, et la zone humide. Les joints encrass\u00e9s redeviennent propres. Contient des acides.<\/p>\n<p>Rendement: env. 10 \u2013 100 m2\/l<\/p>\n<p>Pi\u00e8ce \u00e0: 1 l<br \/>\nCarton \u00e0: 12 pce<\/p>\n<p>Pi\u00e8ce \u00e0: 5 l<br \/>\nCarton \u00e0: 2 pce<\/p>\n","protected":false},"excerpt":{"rendered":"<p>Sanitaires-Net<\/p>\n","protected":false},"featured_media":34165,"comment_status":"closed","ping_status":"closed","template":"","meta":{"_acf_changed":false},"product_cat":[187,1592],"product_tag":[],"class_list":{"0":"post-6397","1":"product","2":"type-product","3":"status-publish","4":"has-post-thumbnail","6":"product_cat-ceramic-line","7":"product_cat-privat","9":"first","10":"instock","11":"taxable","12":"shipping-taxable","13":"purchasable","14":"product-type-variable"},"acf":[],"_links":{"self":[{"href":"https:\/\/www.ct-chemie.ch\/fr\/wp-json\/wp\/v2\/product\/6397","targetHints":{"allow":["GET"]}}],"collection":[{"href":"https:\/\/www.ct-chemie.ch\/fr\/wp-json\/wp\/v2\/product"}],"about":[{"href":"https:\/\/www.ct-chemie.ch\/fr\/wp-json\/wp\/v2\/types\/product"}],"replies":[{"embeddable":true,"href":"https:\/\/www.ct-chemie.ch\/fr\/wp-json\/wp\/v2\/comments?post=6397"}],"wp:featuredmedia":[{"embeddable":true,"href":"https:\/\/www.ct-chemie.ch\/fr\/wp-json\/wp\/v2\/media\/34165"}],"wp:attachment":[{"href":"https:\/\/www.ct-chemie.ch\/fr\/wp-json\/wp\/v2\/media?parent=6397"}],"wp:term":[{"taxonomy":"product_cat","embeddable":true,"href":"https:\/\/www.ct-chemie.ch\/fr\/wp-json\/wp\/v2\/product_cat?post=6397"},{"taxonomy":"product_tag","embeddable":true,"href":"https:\/\/www.ct-chemie.ch\/fr\/wp-json\/wp\/v2\/product_tag?post=6397"}],"curies":[{"name":"wp","href":"https:\/\/api.w.org\/{rel}","templated":true}]}}