{"id":6413,"date":"2015-07-06T10:16:10","date_gmt":"2015-07-06T08:16:10","guid":{"rendered":"http:\/\/ct-chemie.ch\/product\/hmk-r160-2\/"},"modified":"2025-02-17T15:49:38","modified_gmt":"2025-02-17T14:49:38","slug":"hmk-r160","status":"publish","type":"product","link":"https:\/\/www.ct-chemie.ch\/fr\/produit\/hmk-r160\/","title":{"rendered":"HMK R160"},"content":{"rendered":"<p>Anti-Moisissures<br \/>\n\u00c9limine rapidement et efficacement l\u2019apparition de champignons et de moisissure dans les douches et les espaces sanitaires. HMK\u00ae R160 est \u00e9galement appropri\u00e9 \u00e0 blanchir les taches organiques caus\u00e9es par du caf\u00e9, coca, vin rouge, des fleurs, des baies, des fruits, du bois ou de l\u2019acide tannique.<\/p>\n<p><strong>\u00c0 partir du 1.12.2020, en raison des r\u00e9glementations officielles, le produit ne peut \u00eatre utilis\u00e9 qu&rsquo;\u00e0 l&rsquo;int\u00e9rieur.<br \/>\n<\/strong>Produit altenatif: <span style=\"color: #e3001b;\"><a style=\"color: #e3001b;\" href=\"https:\/\/www.ct-chemie.ch\/fr\/produkt\/hmk-r195\/\">HMK R195 Outdoor-Cleaner<\/a><\/span><strong><br \/>\n<\/strong><\/p>\n<p>Rendement: env. 5 m2\/ 475 ml<\/p>\n<p>Pi\u00e8ce \u00e0: 475 ml<br \/>\nCarton \u00e0: 12 pce<\/p>\n<p>Produit biocide. Utilisez les biocides avec pr\u00e9caution. Toujours lire l&rsquo;\u00e9tiquette et les informations avant de les utiliser.<\/p>\n","protected":false},"excerpt":{"rendered":"<p>Nettoyant Moisissures<\/p>\n","protected":false},"featured_media":37434,"comment_status":"closed","ping_status":"closed","template":"","meta":{"_acf_changed":false},"product_cat":[189,1592],"product_tag":[],"class_list":{"0":"post-6413","1":"product","2":"type-product","3":"status-publish","4":"has-post-thumbnail","6":"product_cat-basic-line","7":"product_cat-privat","9":"first","10":"instock","11":"taxable","12":"shipping-taxable","13":"purchasable","14":"product-type-variable"},"acf":[],"_links":{"self":[{"href":"https:\/\/www.ct-chemie.ch\/fr\/wp-json\/wp\/v2\/product\/6413","targetHints":{"allow":["GET"]}}],"collection":[{"href":"https:\/\/www.ct-chemie.ch\/fr\/wp-json\/wp\/v2\/product"}],"about":[{"href":"https:\/\/www.ct-chemie.ch\/fr\/wp-json\/wp\/v2\/types\/product"}],"replies":[{"embeddable":true,"href":"https:\/\/www.ct-chemie.ch\/fr\/wp-json\/wp\/v2\/comments?post=6413"}],"wp:featuredmedia":[{"embeddable":true,"href":"https:\/\/www.ct-chemie.ch\/fr\/wp-json\/wp\/v2\/media\/37434"}],"wp:attachment":[{"href":"https:\/\/www.ct-chemie.ch\/fr\/wp-json\/wp\/v2\/media?parent=6413"}],"wp:term":[{"taxonomy":"product_cat","embeddable":true,"href":"https:\/\/www.ct-chemie.ch\/fr\/wp-json\/wp\/v2\/product_cat?post=6413"},{"taxonomy":"product_tag","embeddable":true,"href":"https:\/\/www.ct-chemie.ch\/fr\/wp-json\/wp\/v2\/product_tag?post=6413"}],"curies":[{"name":"wp","href":"https:\/\/api.w.org\/{rel}","templated":true}]}}