{"id":6797,"date":"2015-07-06T10:58:19","date_gmt":"2015-07-06T08:58:19","guid":{"rendered":"http:\/\/ct-chemie.ch\/product\/hmk-r165-2\/"},"modified":"2025-02-17T16:21:21","modified_gmt":"2025-02-17T15:21:21","slug":"hmk-r165","status":"publish","type":"product","link":"https:\/\/www.ct-chemie.ch\/fr\/produit\/hmk-r165\/","title":{"rendered":"HMK R165"},"content":{"rendered":"<p>Nettoyant d\u2019efflorescences<br \/>\nElimine le voile de ciment \u00e9pais, les d\u00e9p\u00f4ts de calcaire tenaces, les r\u00e9sidus de mortier et les efflorescences des pierres naturelles et artificielles r\u00e9sistant aux acides comme: c\u00e9ramique non \u00e9maill\u00e9e, dalles en b\u00e9ton rugueuses et rev\u00eatements en terre cuite \u00e0 l\u2018ext\u00e9rieur. Contient des acides. Ne convient pas pour marbre et calcaire qui sont polis ou ponc\u00e9s.<\/p>\n<p>Rendement: env. 10 \u2013 40 m2\/l<\/p>\n<p>Pi\u00e8ce\u00a0\u00e0: 1 l<br \/>\nCarton \u00e0: 12 pce<\/p>\n<p>Pi\u00e8ce\u00a0\u00e0: 5 l<br \/>\nCarton \u00e0: 2 pce<\/p>\n","protected":false},"excerpt":{"rendered":"<p>Nettoyant d\u2019efflorescences<\/p>\n","protected":false},"featured_media":37447,"comment_status":"closed","ping_status":"closed","template":"","meta":{"_acf_changed":false},"product_cat":[189,1592],"product_tag":[],"class_list":{"0":"post-6797","1":"product","2":"type-product","3":"status-publish","4":"has-post-thumbnail","6":"product_cat-basic-line","7":"product_cat-privat","9":"first","10":"instock","11":"taxable","12":"shipping-taxable","13":"purchasable","14":"product-type-variable"},"acf":[],"_links":{"self":[{"href":"https:\/\/www.ct-chemie.ch\/fr\/wp-json\/wp\/v2\/product\/6797","targetHints":{"allow":["GET"]}}],"collection":[{"href":"https:\/\/www.ct-chemie.ch\/fr\/wp-json\/wp\/v2\/product"}],"about":[{"href":"https:\/\/www.ct-chemie.ch\/fr\/wp-json\/wp\/v2\/types\/product"}],"replies":[{"embeddable":true,"href":"https:\/\/www.ct-chemie.ch\/fr\/wp-json\/wp\/v2\/comments?post=6797"}],"wp:featuredmedia":[{"embeddable":true,"href":"https:\/\/www.ct-chemie.ch\/fr\/wp-json\/wp\/v2\/media\/37447"}],"wp:attachment":[{"href":"https:\/\/www.ct-chemie.ch\/fr\/wp-json\/wp\/v2\/media?parent=6797"}],"wp:term":[{"taxonomy":"product_cat","embeddable":true,"href":"https:\/\/www.ct-chemie.ch\/fr\/wp-json\/wp\/v2\/product_cat?post=6797"},{"taxonomy":"product_tag","embeddable":true,"href":"https:\/\/www.ct-chemie.ch\/fr\/wp-json\/wp\/v2\/product_tag?post=6797"}],"curies":[{"name":"wp","href":"https:\/\/api.w.org\/{rel}","templated":true}]}}