{"id":6809,"date":"2015-07-06T13:45:23","date_gmt":"2015-07-06T11:45:23","guid":{"rendered":"http:\/\/ct-chemie.ch\/product\/hmk-r169-2\/"},"modified":"2025-02-17T16:37:56","modified_gmt":"2025-02-17T15:37:56","slug":"hmk-r169","status":"publish","type":"product","link":"https:\/\/www.ct-chemie.ch\/fr\/produit\/hmk-r169\/","title":{"rendered":"HMK R169"},"content":{"rendered":"<p>Nettoyant pour pierre<br \/>\nElimine le voile de ciment, les d\u00e9p\u00f4ts de calcaire, les r\u00e9sidus de mortier, la rouille l\u00e9g\u00e8re et les salissures de construction durcies sur les pierres naturelles r\u00e9sistant aux acides \u00e0 l\u2018int\u00e9rieur et \u00e0 l\u2018ext\u00e9rieur. Contient la pr\u00e9sence d\u2018additifs anti-rouille. Ne convient pas pour marbre et calcaire qui sont polie ou ponc\u00e9s. Contient acides.<\/p>\n<p>Rendement: env. 10 \u2013 60 m2\/l<\/p>\n<p>Pi\u00e8ce\u00a0\u00e0: 1 l<br \/>\nCarton \u00e0: 12 pce<\/p>\n<p>Pi\u00e8ce\u00a0\u00e0: 5 l<br \/>\nCarton \u00e0: 2 pce<\/p>\n","protected":false},"excerpt":{"rendered":"<p>Nettoyant pour pierre<\/p>\n","protected":false},"featured_media":37456,"comment_status":"closed","ping_status":"closed","template":"","meta":{"_acf_changed":false},"product_cat":[1592,191],"product_tag":[],"class_list":{"0":"post-6809","1":"product","2":"type-product","3":"status-publish","4":"has-post-thumbnail","6":"product_cat-privat","7":"product_cat-stone-line","9":"first","10":"instock","11":"taxable","12":"shipping-taxable","13":"purchasable","14":"product-type-variable"},"acf":[],"_links":{"self":[{"href":"https:\/\/www.ct-chemie.ch\/fr\/wp-json\/wp\/v2\/product\/6809","targetHints":{"allow":["GET"]}}],"collection":[{"href":"https:\/\/www.ct-chemie.ch\/fr\/wp-json\/wp\/v2\/product"}],"about":[{"href":"https:\/\/www.ct-chemie.ch\/fr\/wp-json\/wp\/v2\/types\/product"}],"replies":[{"embeddable":true,"href":"https:\/\/www.ct-chemie.ch\/fr\/wp-json\/wp\/v2\/comments?post=6809"}],"wp:featuredmedia":[{"embeddable":true,"href":"https:\/\/www.ct-chemie.ch\/fr\/wp-json\/wp\/v2\/media\/37456"}],"wp:attachment":[{"href":"https:\/\/www.ct-chemie.ch\/fr\/wp-json\/wp\/v2\/media?parent=6809"}],"wp:term":[{"taxonomy":"product_cat","embeddable":true,"href":"https:\/\/www.ct-chemie.ch\/fr\/wp-json\/wp\/v2\/product_cat?post=6809"},{"taxonomy":"product_tag","embeddable":true,"href":"https:\/\/www.ct-chemie.ch\/fr\/wp-json\/wp\/v2\/product_tag?post=6809"}],"curies":[{"name":"wp","href":"https:\/\/api.w.org\/{rel}","templated":true}]}}