{"id":6839,"date":"2015-07-06T14:05:39","date_gmt":"2015-07-06T12:05:39","guid":{"rendered":"http:\/\/ct-chemie.ch\/product\/hmk-r179-2\/"},"modified":"2025-10-28T15:06:21","modified_gmt":"2025-10-28T14:06:21","slug":"hmk-r179","status":"publish","type":"product","link":"https:\/\/www.ct-chemie.ch\/fr\/produit\/hmk-r179\/","title":{"rendered":"HMK R179"},"content":{"rendered":"<p>D\u00e9tachant de rouille<br \/>\nNettoyant sp\u00e9cial pr\u00eat \u00e0 l&#8217;emploi pour \u00e9liminer les taches de rouille et d&rsquo;oxyde m\u00e9tallique sur les surfaces en pierre naturelle et artificielle, gr\u00e8s c\u00e9rame, c\u00e9ramique, etc., caus\u00e9es par les engrais contenant du fer, les meubles de jardin, les fuites de chauffage, etc. Convient \u00e9galement pour le marbre poli et le calcaire.<\/p>\n<p>Rendement: env. 2 \u2013 5 m2\/500 ml<\/p>\n<p>Pi\u00e8ce\u00a0\u00e0: 475 ml<br \/>\nCarton \u00e0: 12 pce<\/p>\n","protected":false},"excerpt":{"rendered":"<p>D\u00e9tachant de rouille<\/p>\n","protected":false},"featured_media":37474,"comment_status":"closed","ping_status":"closed","template":"","meta":{"_acf_changed":false},"product_cat":[189,1592],"product_tag":[],"class_list":{"0":"post-6839","1":"product","2":"type-product","3":"status-publish","4":"has-post-thumbnail","6":"product_cat-basic-line","7":"product_cat-privat","9":"first","10":"instock","11":"taxable","12":"shipping-taxable","13":"purchasable","14":"product-type-variable"},"acf":[],"_links":{"self":[{"href":"https:\/\/www.ct-chemie.ch\/fr\/wp-json\/wp\/v2\/product\/6839","targetHints":{"allow":["GET"]}}],"collection":[{"href":"https:\/\/www.ct-chemie.ch\/fr\/wp-json\/wp\/v2\/product"}],"about":[{"href":"https:\/\/www.ct-chemie.ch\/fr\/wp-json\/wp\/v2\/types\/product"}],"replies":[{"embeddable":true,"href":"https:\/\/www.ct-chemie.ch\/fr\/wp-json\/wp\/v2\/comments?post=6839"}],"wp:featuredmedia":[{"embeddable":true,"href":"https:\/\/www.ct-chemie.ch\/fr\/wp-json\/wp\/v2\/media\/37474"}],"wp:attachment":[{"href":"https:\/\/www.ct-chemie.ch\/fr\/wp-json\/wp\/v2\/media?parent=6839"}],"wp:term":[{"taxonomy":"product_cat","embeddable":true,"href":"https:\/\/www.ct-chemie.ch\/fr\/wp-json\/wp\/v2\/product_cat?post=6839"},{"taxonomy":"product_tag","embeddable":true,"href":"https:\/\/www.ct-chemie.ch\/fr\/wp-json\/wp\/v2\/product_tag?post=6839"}],"curies":[{"name":"wp","href":"https:\/\/api.w.org\/{rel}","templated":true}]}}