{"id":6842,"date":"2015-07-06T14:11:12","date_gmt":"2015-07-06T12:11:12","guid":{"rendered":"http:\/\/ct-chemie.ch\/?post_type=product&#038;p=6842"},"modified":"2025-02-17T17:19:54","modified_gmt":"2025-02-17T16:19:54","slug":"hmk-r183","status":"publish","type":"product","link":"https:\/\/www.ct-chemie.ch\/fr\/produit\/hmk-r183\/","title":{"rendered":"HMK R183"},"content":{"rendered":"<p>Pierre-Net<br \/>\nNettoyant sp\u00e9cial \u00e0 base d\u2018acide pour l\u2018\u00e9limination des salissures de construction, le voile de ciment et le calcaire sur les surfaces r\u00e9sistant aux acides en pierres naturelles et artificielles, c\u00e9ramique, gr\u00e8s-c\u00e9rame, briques recuites et dalles en b\u00e9ton rugueuses. Sans acide chlorhydrique et phosphorique.<\/p>\n<p>Rendement: env. 10 \u2013 30 m2\/l<\/p>\n<p>Pi\u00e8ce\u00a0\u00e0: 1 l<br \/>\nCarton \u00e0: 12 pce<\/p>\n<p>Pi\u00e8ce\u00a0\u00e0: 5 l<br \/>\nCarton \u00e0: 2 pce<\/p>\n","protected":false},"excerpt":{"rendered":"<p>Pierre-Net<\/p>\n","protected":false},"featured_media":37480,"comment_status":"closed","ping_status":"closed","template":"","meta":{"_acf_changed":false},"product_cat":[1592,191],"product_tag":[],"class_list":{"0":"post-6842","1":"product","2":"type-product","3":"status-publish","4":"has-post-thumbnail","6":"product_cat-privat","7":"product_cat-stone-line","9":"first","10":"instock","11":"taxable","12":"shipping-taxable","13":"purchasable","14":"product-type-variable"},"acf":[],"_links":{"self":[{"href":"https:\/\/www.ct-chemie.ch\/fr\/wp-json\/wp\/v2\/product\/6842","targetHints":{"allow":["GET"]}}],"collection":[{"href":"https:\/\/www.ct-chemie.ch\/fr\/wp-json\/wp\/v2\/product"}],"about":[{"href":"https:\/\/www.ct-chemie.ch\/fr\/wp-json\/wp\/v2\/types\/product"}],"replies":[{"embeddable":true,"href":"https:\/\/www.ct-chemie.ch\/fr\/wp-json\/wp\/v2\/comments?post=6842"}],"wp:featuredmedia":[{"embeddable":true,"href":"https:\/\/www.ct-chemie.ch\/fr\/wp-json\/wp\/v2\/media\/37480"}],"wp:attachment":[{"href":"https:\/\/www.ct-chemie.ch\/fr\/wp-json\/wp\/v2\/media?parent=6842"}],"wp:term":[{"taxonomy":"product_cat","embeddable":true,"href":"https:\/\/www.ct-chemie.ch\/fr\/wp-json\/wp\/v2\/product_cat?post=6842"},{"taxonomy":"product_tag","embeddable":true,"href":"https:\/\/www.ct-chemie.ch\/fr\/wp-json\/wp\/v2\/product_tag?post=6842"}],"curies":[{"name":"wp","href":"https:\/\/api.w.org\/{rel}","templated":true}]}}