{"id":6893,"date":"2015-07-06T14:48:27","date_gmt":"2015-07-06T12:48:27","guid":{"rendered":"http:\/\/ct-chemie.ch\/product\/hmk-r163-2\/"},"modified":"2025-02-17T16:13:20","modified_gmt":"2025-02-17T15:13:20","slug":"hmk-r163","status":"publish","type":"product","link":"https:\/\/www.ct-chemie.ch\/fr\/produit\/hmk-r163\/","title":{"rendered":"HMK R163"},"content":{"rendered":"<p>Nettoyant de laitance de ciment<br \/>\nElimine le voile de ciment, le calcaire, les r\u00e9sidus de mortier et les salissures de construction durcies sur les surfaces r\u00e9sistant aux acides comme: pierres naturelles et artificielles, c\u00e9ramique, briques recuites, gr\u00e8sc\u00e9rame et dalles en b\u00e9ton rugueuses \u00e0 l\u2018int\u00e9rieur et \u00e0 l\u2018ext\u00e9rieur. Contient des acides. Ne convient pas pour marbre et calcaire qui sont polis ou ponc\u00e9s.<\/p>\n<p>Rendement: env. 5 \u2013 50 m2\/l<\/p>\n<p>Pi\u00e8ce\u00a0\u00e0: 1 l<br \/>\nCarton \u00e0: 12 pce<\/p>\n<p>Pi\u00e8ce\u00a0\u00e0: 5 l<br \/>\nCarton \u00e0: 2 pce<\/p>\n<p>Pi\u00e8ce\u00a0\u00e0: 10 l<\/p>\n","protected":false},"excerpt":{"rendered":"<p>Nettoyant de laitance de ciment<\/p>\n","protected":false},"featured_media":37443,"comment_status":"closed","ping_status":"closed","template":"","meta":{"_acf_changed":false},"product_cat":[189,1592],"product_tag":[],"class_list":{"0":"post-6893","1":"product","2":"type-product","3":"status-publish","4":"has-post-thumbnail","6":"product_cat-basic-line","7":"product_cat-privat","9":"first","10":"instock","11":"taxable","12":"shipping-taxable","13":"purchasable","14":"product-type-variable"},"acf":[],"_links":{"self":[{"href":"https:\/\/www.ct-chemie.ch\/fr\/wp-json\/wp\/v2\/product\/6893","targetHints":{"allow":["GET"]}}],"collection":[{"href":"https:\/\/www.ct-chemie.ch\/fr\/wp-json\/wp\/v2\/product"}],"about":[{"href":"https:\/\/www.ct-chemie.ch\/fr\/wp-json\/wp\/v2\/types\/product"}],"replies":[{"embeddable":true,"href":"https:\/\/www.ct-chemie.ch\/fr\/wp-json\/wp\/v2\/comments?post=6893"}],"wp:featuredmedia":[{"embeddable":true,"href":"https:\/\/www.ct-chemie.ch\/fr\/wp-json\/wp\/v2\/media\/37443"}],"wp:attachment":[{"href":"https:\/\/www.ct-chemie.ch\/fr\/wp-json\/wp\/v2\/media?parent=6893"}],"wp:term":[{"taxonomy":"product_cat","embeddable":true,"href":"https:\/\/www.ct-chemie.ch\/fr\/wp-json\/wp\/v2\/product_cat?post=6893"},{"taxonomy":"product_tag","embeddable":true,"href":"https:\/\/www.ct-chemie.ch\/fr\/wp-json\/wp\/v2\/product_tag?post=6893"}],"curies":[{"name":"wp","href":"https:\/\/api.w.org\/{rel}","templated":true}]}}