{"id":6905,"date":"2015-07-06T15:37:10","date_gmt":"2015-07-06T13:37:10","guid":{"rendered":"http:\/\/ct-chemie.ch\/product\/hmk-s232-2\/"},"modified":"2025-03-11T14:05:37","modified_gmt":"2025-03-11T13:05:37","slug":"hmk-s232","status":"publish","type":"product","link":"https:\/\/www.ct-chemie.ch\/fr\/produit\/hmk-s232\/","title":{"rendered":"HMK S232"},"content":{"rendered":"<p>Anti-taches &#8211; base aqueuse<br \/>\nImpr\u00e9gnation \u00e0 base d\u2019eau qui r\u00e9duit la p\u00e9n\u00e9tration de l\u2019eau, d\u2019huile et des salissures dans les surfaces absorbant \u00e0 tr\u00e8s absorbante. Destin\u00e9e pour pierres naturelles et artificielles, terres cuite, briques recuites et b\u00e9ton dure \u00e0 l\u2019int\u00e9rieur et \u00e0 l\u2019ext\u00e9rieur. N\u2019offre aucune difficult\u00e9 pour la sant\u00e9 et alimentaire.<\/p>\n<p>Rendement: env. 5 \u2013 20 m2\/l<\/p>\n<p>Pi\u00e8ce\u00a0\u00e0: 1 l<br \/>\nCarton \u00e0: 12 pce<\/p>\n<p>Pi\u00e8ce\u00a0\u00e0: 5 l<br \/>\nCarton \u00e0: 2 pce<\/p>\n<p>Pi\u00e8ce\u00a0\u00e0: 10 l<\/p>\n","protected":false},"excerpt":{"rendered":"<p>Anti-taches &#8211; base aqueuse<\/p>\n","protected":false},"featured_media":37525,"comment_status":"closed","ping_status":"closed","template":"","meta":{"_acf_changed":false},"product_cat":[1592,191],"product_tag":[],"class_list":{"0":"post-6905","1":"product","2":"type-product","3":"status-publish","4":"has-post-thumbnail","6":"product_cat-privat","7":"product_cat-stone-line","9":"first","10":"instock","11":"taxable","12":"shipping-taxable","13":"purchasable","14":"product-type-variable"},"acf":[],"_links":{"self":[{"href":"https:\/\/www.ct-chemie.ch\/fr\/wp-json\/wp\/v2\/product\/6905","targetHints":{"allow":["GET"]}}],"collection":[{"href":"https:\/\/www.ct-chemie.ch\/fr\/wp-json\/wp\/v2\/product"}],"about":[{"href":"https:\/\/www.ct-chemie.ch\/fr\/wp-json\/wp\/v2\/types\/product"}],"replies":[{"embeddable":true,"href":"https:\/\/www.ct-chemie.ch\/fr\/wp-json\/wp\/v2\/comments?post=6905"}],"wp:featuredmedia":[{"embeddable":true,"href":"https:\/\/www.ct-chemie.ch\/fr\/wp-json\/wp\/v2\/media\/37525"}],"wp:attachment":[{"href":"https:\/\/www.ct-chemie.ch\/fr\/wp-json\/wp\/v2\/media?parent=6905"}],"wp:term":[{"taxonomy":"product_cat","embeddable":true,"href":"https:\/\/www.ct-chemie.ch\/fr\/wp-json\/wp\/v2\/product_cat?post=6905"},{"taxonomy":"product_tag","embeddable":true,"href":"https:\/\/www.ct-chemie.ch\/fr\/wp-json\/wp\/v2\/product_tag?post=6905"}],"curies":[{"name":"wp","href":"https:\/\/api.w.org\/{rel}","templated":true}]}}