{"id":6920,"date":"2015-07-06T15:45:21","date_gmt":"2015-07-06T13:45:21","guid":{"rendered":"http:\/\/ct-chemie.ch\/product\/hmk-s233-2\/"},"modified":"2025-02-18T17:02:49","modified_gmt":"2025-02-18T16:02:49","slug":"hmk-s233","status":"publish","type":"product","link":"https:\/\/www.ct-chemie.ch\/fr\/produit\/hmk-s233\/","title":{"rendered":"HMK S233"},"content":{"rendered":"<p>Impr\u00e9gnation aux silicones<br \/>\nR\u00e9duit la p\u00e9n\u00e9tration de l\u2019eau et des salissures dans toutes les surfaces en pierre naturelle et artificielle, briques et briques recuites non \u00e9maill\u00e9es \u00e0 l\u2019int\u00e9rieur et \u00e0 l\u2019ext\u00e9rieur. Convient aussi pour les surfaces polies. La couleur et la structure ne changent pratiquement pas. Contient des solvants.<\/p>\n<p>Rendement: env. 5 \u2013 15 m2\/l<\/p>\n<p>Pi\u00e8ce\u00a0\u00e0: 1 l<br \/>\nCarton \u00e0: 12 pce<\/p>\n<p>Pi\u00e8ce \u00e0: 5 l (sur commande)<br \/>\nCarton \u00e0: 2 pce<\/p>\n","protected":false},"excerpt":{"rendered":"<p>Impr\u00e9gnation aux silicones<\/p>\n","protected":false},"featured_media":37532,"comment_status":"closed","ping_status":"closed","template":"","meta":{"_acf_changed":false},"product_cat":[189,1592],"product_tag":[],"class_list":{"0":"post-6920","1":"product","2":"type-product","3":"status-publish","4":"has-post-thumbnail","6":"product_cat-basic-line","7":"product_cat-privat","9":"first","10":"instock","11":"taxable","12":"shipping-taxable","13":"purchasable","14":"product-type-variable"},"acf":[],"_links":{"self":[{"href":"https:\/\/www.ct-chemie.ch\/fr\/wp-json\/wp\/v2\/product\/6920","targetHints":{"allow":["GET"]}}],"collection":[{"href":"https:\/\/www.ct-chemie.ch\/fr\/wp-json\/wp\/v2\/product"}],"about":[{"href":"https:\/\/www.ct-chemie.ch\/fr\/wp-json\/wp\/v2\/types\/product"}],"replies":[{"embeddable":true,"href":"https:\/\/www.ct-chemie.ch\/fr\/wp-json\/wp\/v2\/comments?post=6920"}],"wp:featuredmedia":[{"embeddable":true,"href":"https:\/\/www.ct-chemie.ch\/fr\/wp-json\/wp\/v2\/media\/37532"}],"wp:attachment":[{"href":"https:\/\/www.ct-chemie.ch\/fr\/wp-json\/wp\/v2\/media?parent=6920"}],"wp:term":[{"taxonomy":"product_cat","embeddable":true,"href":"https:\/\/www.ct-chemie.ch\/fr\/wp-json\/wp\/v2\/product_cat?post=6920"},{"taxonomy":"product_tag","embeddable":true,"href":"https:\/\/www.ct-chemie.ch\/fr\/wp-json\/wp\/v2\/product_tag?post=6920"}],"curies":[{"name":"wp","href":"https:\/\/api.w.org\/{rel}","templated":true}]}}