{"id":6991,"date":"2015-07-06T16:23:39","date_gmt":"2015-07-06T14:23:39","guid":{"rendered":"http:\/\/ct-chemie.ch\/product\/hmk-s243-2\/"},"modified":"2024-10-23T15:33:07","modified_gmt":"2024-10-23T13:33:07","slug":"hmk-s243","status":"publish","type":"product","link":"https:\/\/www.ct-chemie.ch\/fr\/produit\/hmk-s243\/","title":{"rendered":"HMK S243"},"content":{"rendered":"<p>Impr\u00e9gnation de protection<br \/>\nR\u00e9duit la p\u00e9n\u00e9tration de l\u2019eau, des salissures, d\u2019huile et de la graisse dans les carreaux en gr\u00e8s-c\u00e9rame polies, ponc\u00e9s et non \u00e9maill\u00e9s, \u00e0 l\u2019int\u00e9rieur et \u00e0 l\u2019ext\u00e9rieur. La couleur et la structure de la surface ne changent pratiquement pas. Contient solvants.<\/p>\n<p>Rendement: env. 15 \u2013 30 m2\/l<\/p>\n<p>Pi\u00e8ce\u00a0\u00e0: 1 l<br \/>\nCarton \u00e0: 12 pce<\/p>\n","protected":false},"excerpt":{"rendered":"<p>Impr\u00e9gnation de protection<\/p>\n","protected":false},"featured_media":34171,"comment_status":"closed","ping_status":"closed","template":"","meta":{"_acf_changed":false},"product_cat":[187,1592],"product_tag":[],"class_list":{"0":"post-6991","1":"product","2":"type-product","3":"status-publish","4":"has-post-thumbnail","6":"product_cat-ceramic-line","7":"product_cat-privat","9":"first","10":"instock","11":"taxable","12":"shipping-taxable","13":"purchasable","14":"product-type-variable"},"acf":[],"_links":{"self":[{"href":"https:\/\/www.ct-chemie.ch\/fr\/wp-json\/wp\/v2\/product\/6991","targetHints":{"allow":["GET"]}}],"collection":[{"href":"https:\/\/www.ct-chemie.ch\/fr\/wp-json\/wp\/v2\/product"}],"about":[{"href":"https:\/\/www.ct-chemie.ch\/fr\/wp-json\/wp\/v2\/types\/product"}],"replies":[{"embeddable":true,"href":"https:\/\/www.ct-chemie.ch\/fr\/wp-json\/wp\/v2\/comments?post=6991"}],"wp:featuredmedia":[{"embeddable":true,"href":"https:\/\/www.ct-chemie.ch\/fr\/wp-json\/wp\/v2\/media\/34171"}],"wp:attachment":[{"href":"https:\/\/www.ct-chemie.ch\/fr\/wp-json\/wp\/v2\/media?parent=6991"}],"wp:term":[{"taxonomy":"product_cat","embeddable":true,"href":"https:\/\/www.ct-chemie.ch\/fr\/wp-json\/wp\/v2\/product_cat?post=6991"},{"taxonomy":"product_tag","embeddable":true,"href":"https:\/\/www.ct-chemie.ch\/fr\/wp-json\/wp\/v2\/product_tag?post=6991"}],"curies":[{"name":"wp","href":"https:\/\/api.w.org\/{rel}","templated":true}]}}