{"id":7002,"date":"2015-07-06T16:31:50","date_gmt":"2015-07-06T14:31:50","guid":{"rendered":"http:\/\/ct-chemie.ch\/product\/hmk-s244-2\/"},"modified":"2025-02-24T13:45:24","modified_gmt":"2025-02-24T12:45:24","slug":"hmk-s244","status":"publish","type":"product","link":"https:\/\/www.ct-chemie.ch\/fr\/produit\/hmk-s244\/","title":{"rendered":"HMK S244"},"content":{"rendered":"<p>Anti-taches &#8211; couleur plus &#8211;<br \/>\nR\u00e9duit la p\u00e9n\u00e9tration de l\u2019eau, des salissures, d\u2018huile et de la graisse dans toutes les surfaces en pierre naturelle et artificielle, m\u00eame polies, \u00e0 l\u2019int\u00e9rieur et \u00e0 l\u2019ext\u00e9rieur. La couleur et la structure de la surface sont mises en valeur de fa\u00e7on optimal gr\u00e2ce \u00e0 la propi\u00e9t\u00e9 d\u2019accentuation des teintes. Contient solvants.<\/p>\n<p>Rendement: env. 5 \u2013 20 m2\/l<\/p>\n<p>Pi\u00e8ce\u00a0\u00e0: 250 ml<br \/>\nCarton \u00e0: 30 pce<\/p>\n<p>Pi\u00e8ce\u00a0\u00e0: 1 l<br \/>\nCarton \u00e0: 12 pce<\/p>\n<p>Pi\u00e8ce\u00a0\u00e0: 5 l<br \/>\nCarton \u00e0: 2 pce<\/p>\n<p>Pi\u00e8ce\u00a0\u00e0: 10 l<\/p>\n","protected":false},"excerpt":{"rendered":"<p>Anti-taches &#8211; couleur plus &#8211;<\/p>\n","protected":false},"featured_media":37586,"comment_status":"closed","ping_status":"closed","template":"","meta":{"_acf_changed":false},"product_cat":[1592,191],"product_tag":[],"class_list":{"0":"post-7002","1":"product","2":"type-product","3":"status-publish","4":"has-post-thumbnail","6":"product_cat-privat","7":"product_cat-stone-line","9":"first","10":"instock","11":"taxable","12":"shipping-taxable","13":"purchasable","14":"product-type-variable"},"acf":[],"_links":{"self":[{"href":"https:\/\/www.ct-chemie.ch\/fr\/wp-json\/wp\/v2\/product\/7002","targetHints":{"allow":["GET"]}}],"collection":[{"href":"https:\/\/www.ct-chemie.ch\/fr\/wp-json\/wp\/v2\/product"}],"about":[{"href":"https:\/\/www.ct-chemie.ch\/fr\/wp-json\/wp\/v2\/types\/product"}],"replies":[{"embeddable":true,"href":"https:\/\/www.ct-chemie.ch\/fr\/wp-json\/wp\/v2\/comments?post=7002"}],"wp:featuredmedia":[{"embeddable":true,"href":"https:\/\/www.ct-chemie.ch\/fr\/wp-json\/wp\/v2\/media\/37586"}],"wp:attachment":[{"href":"https:\/\/www.ct-chemie.ch\/fr\/wp-json\/wp\/v2\/media?parent=7002"}],"wp:term":[{"taxonomy":"product_cat","embeddable":true,"href":"https:\/\/www.ct-chemie.ch\/fr\/wp-json\/wp\/v2\/product_cat?post=7002"},{"taxonomy":"product_tag","embeddable":true,"href":"https:\/\/www.ct-chemie.ch\/fr\/wp-json\/wp\/v2\/product_tag?post=7002"}],"curies":[{"name":"wp","href":"https:\/\/api.w.org\/{rel}","templated":true}]}}