{"id":7051,"date":"2015-07-07T07:36:42","date_gmt":"2015-07-07T05:36:42","guid":{"rendered":"http:\/\/ct-chemie.ch\/product\/hmk-p307-2\/"},"modified":"2025-02-10T15:41:50","modified_gmt":"2025-02-10T14:41:50","slug":"hmk-p307","status":"publish","type":"product","link":"https:\/\/www.ct-chemie.ch\/fr\/produit\/hmk-p307\/","title":{"rendered":"HMK P307"},"content":{"rendered":"<p>Polish pour pierre<br \/>\nRenforce la couleur et la structure de pierre naturelle et artificielle et donne au sol un l\u00e9ger brillant apr\u00e8s le polissage. La p\u00e9netration de l\u2019eau et des salissures diminue. Uniquement pour l\u2019int\u00e9rieur. Contient des solvants.<\/p>\n<p>Rendement: env. 10 \u2013 20 m2\/l<\/p>\n<p>Pi\u00e8ce\u00a0\u00e0: 1 l<br \/>\nCarton \u00e0: 12 pce<\/p>\n","protected":false},"excerpt":{"rendered":"<p>Polish pour pierre<\/p>\n","protected":false},"featured_media":37331,"comment_status":"closed","ping_status":"closed","template":"","meta":{"_acf_changed":false},"product_cat":[1592,191],"product_tag":[],"class_list":{"0":"post-7051","1":"product","2":"type-product","3":"status-publish","4":"has-post-thumbnail","6":"product_cat-privat","7":"product_cat-stone-line","9":"first","10":"instock","11":"taxable","12":"shipping-taxable","13":"purchasable","14":"product-type-variable"},"acf":[],"_links":{"self":[{"href":"https:\/\/www.ct-chemie.ch\/fr\/wp-json\/wp\/v2\/product\/7051","targetHints":{"allow":["GET"]}}],"collection":[{"href":"https:\/\/www.ct-chemie.ch\/fr\/wp-json\/wp\/v2\/product"}],"about":[{"href":"https:\/\/www.ct-chemie.ch\/fr\/wp-json\/wp\/v2\/types\/product"}],"replies":[{"embeddable":true,"href":"https:\/\/www.ct-chemie.ch\/fr\/wp-json\/wp\/v2\/comments?post=7051"}],"wp:featuredmedia":[{"embeddable":true,"href":"https:\/\/www.ct-chemie.ch\/fr\/wp-json\/wp\/v2\/media\/37331"}],"wp:attachment":[{"href":"https:\/\/www.ct-chemie.ch\/fr\/wp-json\/wp\/v2\/media?parent=7051"}],"wp:term":[{"taxonomy":"product_cat","embeddable":true,"href":"https:\/\/www.ct-chemie.ch\/fr\/wp-json\/wp\/v2\/product_cat?post=7051"},{"taxonomy":"product_tag","embeddable":true,"href":"https:\/\/www.ct-chemie.ch\/fr\/wp-json\/wp\/v2\/product_tag?post=7051"}],"curies":[{"name":"wp","href":"https:\/\/api.w.org\/{rel}","templated":true}]}}