{"id":7071,"date":"2015-07-07T07:47:29","date_gmt":"2015-07-07T05:47:29","guid":{"rendered":"http:\/\/ct-chemie.ch\/product\/hmk-p315-2\/"},"modified":"2024-10-23T15:46:43","modified_gmt":"2024-10-23T13:46:43","slug":"hmk-p315","status":"publish","type":"product","link":"https:\/\/www.ct-chemie.ch\/fr\/produit\/hmk-p315\/","title":{"rendered":"HMK P315"},"content":{"rendered":"<p>Entretien des sols<br \/>\nNettoyant d\u2019entretien doux qui nettoie et entretient toutes les surfaces en gr\u00e8s-c\u00e9rames en une seule op\u00e9ration. Les ingr\u00e9dients solubles dans l\u2019eau emp\u00eachent la formation des traces et ne constituent pas des couches.<\/p>\n<p>Rendement: env. 1000 \u2013 2000 m2\/l<\/p>\n<p>Pi\u00e8ce\u00a0\u00e0: 250 ml<br \/>\nCarton \u00e0: 30 pce<\/p>\n<p>Pi\u00e8ce\u00a0\u00e0: 1 l<br \/>\nCarton \u00e0: 12 pce<\/p>\n<p>Pi\u00e8ce\u00a0\u00e0: 5 l<br \/>\nCarton \u00e0: 2 pce<\/p>\n","protected":false},"excerpt":{"rendered":"<p>Entretien des sols<\/p>\n","protected":false},"featured_media":34159,"comment_status":"closed","ping_status":"closed","template":"","meta":{"_acf_changed":false},"product_cat":[187,1592],"product_tag":[],"class_list":{"0":"post-7071","1":"product","2":"type-product","3":"status-publish","4":"has-post-thumbnail","6":"product_cat-ceramic-line","7":"product_cat-privat","9":"first","10":"instock","11":"taxable","12":"shipping-taxable","13":"purchasable","14":"product-type-variable"},"acf":[],"_links":{"self":[{"href":"https:\/\/www.ct-chemie.ch\/fr\/wp-json\/wp\/v2\/product\/7071","targetHints":{"allow":["GET"]}}],"collection":[{"href":"https:\/\/www.ct-chemie.ch\/fr\/wp-json\/wp\/v2\/product"}],"about":[{"href":"https:\/\/www.ct-chemie.ch\/fr\/wp-json\/wp\/v2\/types\/product"}],"replies":[{"embeddable":true,"href":"https:\/\/www.ct-chemie.ch\/fr\/wp-json\/wp\/v2\/comments?post=7071"}],"wp:featuredmedia":[{"embeddable":true,"href":"https:\/\/www.ct-chemie.ch\/fr\/wp-json\/wp\/v2\/media\/34159"}],"wp:attachment":[{"href":"https:\/\/www.ct-chemie.ch\/fr\/wp-json\/wp\/v2\/media?parent=7071"}],"wp:term":[{"taxonomy":"product_cat","embeddable":true,"href":"https:\/\/www.ct-chemie.ch\/fr\/wp-json\/wp\/v2\/product_cat?post=7071"},{"taxonomy":"product_tag","embeddable":true,"href":"https:\/\/www.ct-chemie.ch\/fr\/wp-json\/wp\/v2\/product_tag?post=7071"}],"curies":[{"name":"wp","href":"https:\/\/api.w.org\/{rel}","templated":true}]}}