{"id":7093,"date":"2015-07-07T08:00:49","date_gmt":"2015-07-07T06:00:49","guid":{"rendered":"http:\/\/ct-chemie.ch\/product\/hmk-p321-2\/"},"modified":"2025-02-10T15:50:33","modified_gmt":"2025-02-10T14:50:33","slug":"hmk-p321","status":"publish","type":"product","link":"https:\/\/www.ct-chemie.ch\/fr\/produit\/hmk-p321\/","title":{"rendered":"HMK P321"},"content":{"rendered":"<p>Cr\u00e8me lustrante granit et marbre<br \/>\nCr\u00e8me de polissage pour rebords de fen\u00eatre, plaques de tables, escaliers et petites surfaces en pierre naturelle ou artificielle. Emp\u00eache la p\u00e9n\u00e9tration de l\u2019eau et des salissures. Donne \u00e0 la surface un brillant prononc\u00e9 apr\u00e8s le polissage. Uniquement pour l\u2019int\u00e9rieur.<\/p>\n<p>Rendement: env.\u00a01 \u2013 2 m2\/ 100 ml<\/p>\n<p>Pi\u00e8ce\u00a0\u00e0: 100 ml<br \/>\nCarton \u00e0: 30 pce<\/p>\n","protected":false},"excerpt":{"rendered":"<p>Cr\u00e8me lustrante granit et marbre<\/p>\n","protected":false},"featured_media":37337,"comment_status":"closed","ping_status":"closed","template":"","meta":{"_acf_changed":false},"product_cat":[1592,191],"product_tag":[],"class_list":{"0":"post-7093","1":"product","2":"type-product","3":"status-publish","4":"has-post-thumbnail","6":"product_cat-privat","7":"product_cat-stone-line","9":"first","10":"instock","11":"taxable","12":"shipping-taxable","13":"purchasable","14":"product-type-variable"},"acf":[],"_links":{"self":[{"href":"https:\/\/www.ct-chemie.ch\/fr\/wp-json\/wp\/v2\/product\/7093","targetHints":{"allow":["GET"]}}],"collection":[{"href":"https:\/\/www.ct-chemie.ch\/fr\/wp-json\/wp\/v2\/product"}],"about":[{"href":"https:\/\/www.ct-chemie.ch\/fr\/wp-json\/wp\/v2\/types\/product"}],"replies":[{"embeddable":true,"href":"https:\/\/www.ct-chemie.ch\/fr\/wp-json\/wp\/v2\/comments?post=7093"}],"wp:featuredmedia":[{"embeddable":true,"href":"https:\/\/www.ct-chemie.ch\/fr\/wp-json\/wp\/v2\/media\/37337"}],"wp:attachment":[{"href":"https:\/\/www.ct-chemie.ch\/fr\/wp-json\/wp\/v2\/media?parent=7093"}],"wp:term":[{"taxonomy":"product_cat","embeddable":true,"href":"https:\/\/www.ct-chemie.ch\/fr\/wp-json\/wp\/v2\/product_cat?post=7093"},{"taxonomy":"product_tag","embeddable":true,"href":"https:\/\/www.ct-chemie.ch\/fr\/wp-json\/wp\/v2\/product_tag?post=7093"}],"curies":[{"name":"wp","href":"https:\/\/api.w.org\/{rel}","templated":true}]}}