{"id":7113,"date":"2015-07-07T08:14:27","date_gmt":"2015-07-07T06:14:27","guid":{"rendered":"http:\/\/ct-chemie.ch\/product\/hmk-p324-2\/"},"modified":"2025-02-10T16:12:34","modified_gmt":"2025-02-10T15:12:34","slug":"hmk-p324","status":"publish","type":"product","link":"https:\/\/www.ct-chemie.ch\/fr\/produit\/hmk-p324\/","title":{"rendered":"HMK P324"},"content":{"rendered":"<p>Savon pour pierre<br \/>\nNettoyant d\u2019entretien doux qui nettoie et prot\u00e8ge tous les pierres naturelles et artificielles, terres cuite et briques recuites en une seule op\u00e9ration. Les ingr\u00e9dients solubles dans l\u2019eau emp\u00eachent la formation des traces et ne constituent pas des couches.<\/p>\n<p>Rendement: env. 1000 \u2013 2000 m2\/l<\/p>\n<p>Pi\u00e8ce\u00a0\u00e0: 250 ml<br \/>\nCarton \u00e0: 30 pce<\/p>\n<p>Pi\u00e8ce\u00a0\u00e0: 1 l<br \/>\nCarton \u00e0: 12 pce<\/p>\n<p>Pi\u00e8ce\u00a0\u00e0: 5 l<br \/>\nCarton \u00e0: 2 pce<\/p>\n<p>Pi\u00e8ce\u00a0\u00e0: 10 l<\/p>\n","protected":false},"excerpt":{"rendered":"<p>Savon pour pierre<\/p>\n","protected":false},"featured_media":37349,"comment_status":"closed","ping_status":"closed","template":"","meta":{"_acf_changed":false},"product_cat":[1592,191],"product_tag":[],"class_list":{"0":"post-7113","1":"product","2":"type-product","3":"status-publish","4":"has-post-thumbnail","6":"product_cat-privat","7":"product_cat-stone-line","9":"first","10":"instock","11":"taxable","12":"shipping-taxable","13":"purchasable","14":"product-type-variable"},"acf":[],"_links":{"self":[{"href":"https:\/\/www.ct-chemie.ch\/fr\/wp-json\/wp\/v2\/product\/7113","targetHints":{"allow":["GET"]}}],"collection":[{"href":"https:\/\/www.ct-chemie.ch\/fr\/wp-json\/wp\/v2\/product"}],"about":[{"href":"https:\/\/www.ct-chemie.ch\/fr\/wp-json\/wp\/v2\/types\/product"}],"replies":[{"embeddable":true,"href":"https:\/\/www.ct-chemie.ch\/fr\/wp-json\/wp\/v2\/comments?post=7113"}],"wp:featuredmedia":[{"embeddable":true,"href":"https:\/\/www.ct-chemie.ch\/fr\/wp-json\/wp\/v2\/media\/37349"}],"wp:attachment":[{"href":"https:\/\/www.ct-chemie.ch\/fr\/wp-json\/wp\/v2\/media?parent=7113"}],"wp:term":[{"taxonomy":"product_cat","embeddable":true,"href":"https:\/\/www.ct-chemie.ch\/fr\/wp-json\/wp\/v2\/product_cat?post=7113"},{"taxonomy":"product_tag","embeddable":true,"href":"https:\/\/www.ct-chemie.ch\/fr\/wp-json\/wp\/v2\/product_tag?post=7113"}],"curies":[{"name":"wp","href":"https:\/\/api.w.org\/{rel}","templated":true}]}}