{"id":7138,"date":"2015-07-07T08:27:22","date_gmt":"2015-07-07T06:27:22","guid":{"rendered":"http:\/\/ct-chemie.ch\/product\/hmk-p328-2\/"},"modified":"2025-07-21T15:56:51","modified_gmt":"2025-07-21T13:56:51","slug":"hmk-p328","status":"publish","type":"product","link":"https:\/\/www.ct-chemie.ch\/fr\/produit\/hmk-p328\/","title":{"rendered":"HMK P328"},"content":{"rendered":"<p>Cire pour terre cuite<br \/>\nProduit \u00e0 base des cires sp\u00e9ciales naturelles. Fortifie la couleur et la structure de terres cuites et briques recuites. La p\u00e9n\u00e9tration de l\u2019eau et des salissures diminue. Le rev\u00eatement de sol devient plusr\u00e9sistant \u00e0 l\u2019usure, plus facile \u00e0 entretenir et il prend un aspect satin\u00e9. Uniquement pour l\u2019int\u00e9rieur. Pour l\u2019entretien permanent: HMK\u00ae P324. Contient des solvants.<\/p>\n<p>Rendement: env. 5 \u2013 10 m2\/l<\/p>\n<p>Pi\u00e8ce\u00a0\u00e0: 1 l<br \/>\nCarton \u00e0: 12 pce<\/p>\n<p><strong>5 l sur commande (d\u00e9lais de livraison sur demande)<\/strong><\/p>\n","protected":false},"excerpt":{"rendered":"<p>Cire pour terre cuite<\/p>\n","protected":false},"featured_media":37355,"comment_status":"closed","ping_status":"closed","template":"","meta":{"_acf_changed":false},"product_cat":[189,1592],"product_tag":[],"class_list":{"0":"post-7138","1":"product","2":"type-product","3":"status-publish","4":"has-post-thumbnail","6":"product_cat-basic-line","7":"product_cat-privat","9":"first","10":"instock","11":"taxable","12":"shipping-taxable","13":"purchasable","14":"product-type-variable"},"acf":[],"_links":{"self":[{"href":"https:\/\/www.ct-chemie.ch\/fr\/wp-json\/wp\/v2\/product\/7138","targetHints":{"allow":["GET"]}}],"collection":[{"href":"https:\/\/www.ct-chemie.ch\/fr\/wp-json\/wp\/v2\/product"}],"about":[{"href":"https:\/\/www.ct-chemie.ch\/fr\/wp-json\/wp\/v2\/types\/product"}],"replies":[{"embeddable":true,"href":"https:\/\/www.ct-chemie.ch\/fr\/wp-json\/wp\/v2\/comments?post=7138"}],"wp:featuredmedia":[{"embeddable":true,"href":"https:\/\/www.ct-chemie.ch\/fr\/wp-json\/wp\/v2\/media\/37355"}],"wp:attachment":[{"href":"https:\/\/www.ct-chemie.ch\/fr\/wp-json\/wp\/v2\/media?parent=7138"}],"wp:term":[{"taxonomy":"product_cat","embeddable":true,"href":"https:\/\/www.ct-chemie.ch\/fr\/wp-json\/wp\/v2\/product_cat?post=7138"},{"taxonomy":"product_tag","embeddable":true,"href":"https:\/\/www.ct-chemie.ch\/fr\/wp-json\/wp\/v2\/product_tag?post=7138"}],"curies":[{"name":"wp","href":"https:\/\/api.w.org\/{rel}","templated":true}]}}