{"id":7252,"date":"2015-07-07T11:13:39","date_gmt":"2015-07-07T09:13:39","guid":{"rendered":"http:\/\/ct-chemie.ch\/product\/hmk-r799-2\/"},"modified":"2025-02-18T16:49:07","modified_gmt":"2025-02-18T15:49:07","slug":"hmk-r799","status":"publish","type":"product","link":"https:\/\/www.ct-chemie.ch\/fr\/produit\/hmk-r799\/","title":{"rendered":"HMK R799"},"content":{"rendered":"<p>Solvant sp\u00e9cial<br \/>\nPour \u00e9liminer les vitrifications et les impr\u00e9gnations. Elimine l\u2018huile et la graisse des surfaces en pierre naturelle et artificielle. Peut \u00eatre utilis\u00e9 pour nettoyer les outils de travail. Pour \u00e9liminer les vitrifications et les impr\u00e9gnations sur des plus grandes surfaces, utiliser HMK\u00ae R154 Dissolvant. Contient des solvants.<\/p>\n<p>Rendement: env. 3 \u2013 5 m2\/l<\/p>\n<p>Pi\u00e8ce\u00a0\u00e0: 1 l<br \/>\nCarton \u00e0: 12 pce<\/p>\n<p><strong>5 l sur commande (d\u00e9lais de livraison sur demande)<\/strong><\/p>\n","protected":false},"excerpt":{"rendered":"<p>Solvant sp\u00e9cial<\/p>\n","protected":false},"featured_media":37519,"comment_status":"closed","ping_status":"closed","template":"","meta":{"_acf_changed":false},"product_cat":[183],"product_tag":[],"class_list":{"0":"post-7252","1":"product","2":"type-product","3":"status-publish","4":"has-post-thumbnail","6":"product_cat-profi-line","8":"first","9":"instock","10":"taxable","11":"shipping-taxable","12":"purchasable","13":"product-type-variable"},"acf":[],"_links":{"self":[{"href":"https:\/\/www.ct-chemie.ch\/fr\/wp-json\/wp\/v2\/product\/7252","targetHints":{"allow":["GET"]}}],"collection":[{"href":"https:\/\/www.ct-chemie.ch\/fr\/wp-json\/wp\/v2\/product"}],"about":[{"href":"https:\/\/www.ct-chemie.ch\/fr\/wp-json\/wp\/v2\/types\/product"}],"replies":[{"embeddable":true,"href":"https:\/\/www.ct-chemie.ch\/fr\/wp-json\/wp\/v2\/comments?post=7252"}],"wp:featuredmedia":[{"embeddable":true,"href":"https:\/\/www.ct-chemie.ch\/fr\/wp-json\/wp\/v2\/media\/37519"}],"wp:attachment":[{"href":"https:\/\/www.ct-chemie.ch\/fr\/wp-json\/wp\/v2\/media?parent=7252"}],"wp:term":[{"taxonomy":"product_cat","embeddable":true,"href":"https:\/\/www.ct-chemie.ch\/fr\/wp-json\/wp\/v2\/product_cat?post=7252"},{"taxonomy":"product_tag","embeddable":true,"href":"https:\/\/www.ct-chemie.ch\/fr\/wp-json\/wp\/v2\/product_tag?post=7252"}],"curies":[{"name":"wp","href":"https:\/\/api.w.org\/{rel}","templated":true}]}}