{"id":7262,"date":"2015-07-07T11:19:41","date_gmt":"2015-07-07T09:19:41","guid":{"rendered":"http:\/\/ct-chemie.ch\/product\/hmk-s731-2\/"},"modified":"2025-02-24T13:58:55","modified_gmt":"2025-02-24T12:58:55","slug":"hmk-s731","status":"publish","type":"product","link":"https:\/\/www.ct-chemie.ch\/fr\/produit\/hmk-s731\/","title":{"rendered":"HMK S731"},"content":{"rendered":"<p>Impr\u00e9gnation aux silanes<br \/>\nImpr\u00e9gnation \u00e0 base de silanes et siloxanes. R\u00e9duit la p\u00e9n\u00e9tration de l\u2019eau et des salissures dans les surfaces brutes ou ponc\u00e9es en pierre naturelle et artificielle, briques recuites non \u00e9maill\u00e9es, \u00e0 l\u2019int\u00e9rieur et l\u2019ext\u00e9rieur. La couleur et la structure de la surface ne changent pratiquement pas. Contient des solvants.<\/p>\n<p>Rendement: env. 3 \u2013 10 m2\/l<\/p>\n<p>Pi\u00e8ce\u00a0\u00e0: 1 l<br \/>\nCarton \u00e0: 12 pce<\/p>\n","protected":false},"excerpt":{"rendered":"<p>Impr\u00e9gnation aux silanes<\/p>\n","protected":false},"featured_media":37589,"comment_status":"closed","ping_status":"closed","template":"","meta":{"_acf_changed":false},"product_cat":[183],"product_tag":[],"class_list":{"0":"post-7262","1":"product","2":"type-product","3":"status-publish","4":"has-post-thumbnail","6":"product_cat-profi-line","8":"first","9":"instock","10":"taxable","11":"shipping-taxable","12":"purchasable","13":"product-type-variable"},"acf":[],"_links":{"self":[{"href":"https:\/\/www.ct-chemie.ch\/fr\/wp-json\/wp\/v2\/product\/7262","targetHints":{"allow":["GET"]}}],"collection":[{"href":"https:\/\/www.ct-chemie.ch\/fr\/wp-json\/wp\/v2\/product"}],"about":[{"href":"https:\/\/www.ct-chemie.ch\/fr\/wp-json\/wp\/v2\/types\/product"}],"replies":[{"embeddable":true,"href":"https:\/\/www.ct-chemie.ch\/fr\/wp-json\/wp\/v2\/comments?post=7262"}],"wp:featuredmedia":[{"embeddable":true,"href":"https:\/\/www.ct-chemie.ch\/fr\/wp-json\/wp\/v2\/media\/37589"}],"wp:attachment":[{"href":"https:\/\/www.ct-chemie.ch\/fr\/wp-json\/wp\/v2\/media?parent=7262"}],"wp:term":[{"taxonomy":"product_cat","embeddable":true,"href":"https:\/\/www.ct-chemie.ch\/fr\/wp-json\/wp\/v2\/product_cat?post=7262"},{"taxonomy":"product_tag","embeddable":true,"href":"https:\/\/www.ct-chemie.ch\/fr\/wp-json\/wp\/v2\/product_tag?post=7262"}],"curies":[{"name":"wp","href":"https:\/\/api.w.org\/{rel}","templated":true}]}}