{"id":7277,"date":"2015-07-07T11:30:40","date_gmt":"2015-07-07T09:30:40","guid":{"rendered":"http:\/\/ct-chemie.ch\/product\/hmk-s748-2\/"},"modified":"2025-03-11T14:11:00","modified_gmt":"2025-03-11T13:11:00","slug":"hmk-s748","status":"publish","type":"product","link":"https:\/\/www.ct-chemie.ch\/fr\/produit\/hmk-s748\/","title":{"rendered":"HMK S748"},"content":{"rendered":"<p>Anti-taches -Premium-Color<br \/>\nImpr\u00e9gnation sp\u00e9ciale solvant\u00e9e, hydro- et ol\u00e9ofuge, \u00e0 fort pouvoir renfor\u00e7ateur de couleur, pour pierres naturelles, -artificielles et terrazzo \u00e0 l\u2019int\u00e9rieur et \u00e0 l\u2019ext\u00e9rieur. R\u00e9duit la p\u00e9n\u00e9tration de l\u2019eau, de la salissures, des huiles et des graisses.<\/p>\n<p>Rendement: env. 5 \u2013 20 m2\/l<\/p>\n<p>Pi\u00e8ce\u00a0\u00e0: 1 l<br \/>\nCarton \u00e0: 12 pce<\/p>\n<p>Pi\u00e8ce\u00a0\u00e0: 5 l<br \/>\nCarton \u00e0: 2 pce<\/p>\n<p>Pi\u00e8ce\u00a0\u00e0: 10 l<\/p>\n","protected":false},"excerpt":{"rendered":"<p>Anti-taches -Premium-Color<\/p>\n","protected":false},"featured_media":37604,"comment_status":"closed","ping_status":"closed","template":"","meta":{"_acf_changed":false},"product_cat":[183],"product_tag":[],"class_list":{"0":"post-7277","1":"product","2":"type-product","3":"status-publish","4":"has-post-thumbnail","6":"product_cat-profi-line","8":"first","9":"instock","10":"taxable","11":"shipping-taxable","12":"purchasable","13":"product-type-variable"},"acf":[],"_links":{"self":[{"href":"https:\/\/www.ct-chemie.ch\/fr\/wp-json\/wp\/v2\/product\/7277","targetHints":{"allow":["GET"]}}],"collection":[{"href":"https:\/\/www.ct-chemie.ch\/fr\/wp-json\/wp\/v2\/product"}],"about":[{"href":"https:\/\/www.ct-chemie.ch\/fr\/wp-json\/wp\/v2\/types\/product"}],"replies":[{"embeddable":true,"href":"https:\/\/www.ct-chemie.ch\/fr\/wp-json\/wp\/v2\/comments?post=7277"}],"wp:featuredmedia":[{"embeddable":true,"href":"https:\/\/www.ct-chemie.ch\/fr\/wp-json\/wp\/v2\/media\/37604"}],"wp:attachment":[{"href":"https:\/\/www.ct-chemie.ch\/fr\/wp-json\/wp\/v2\/media?parent=7277"}],"wp:term":[{"taxonomy":"product_cat","embeddable":true,"href":"https:\/\/www.ct-chemie.ch\/fr\/wp-json\/wp\/v2\/product_cat?post=7277"},{"taxonomy":"product_tag","embeddable":true,"href":"https:\/\/www.ct-chemie.ch\/fr\/wp-json\/wp\/v2\/product_tag?post=7277"}],"curies":[{"name":"wp","href":"https:\/\/api.w.org\/{rel}","templated":true}]}}