{"id":626,"date":"2015-06-15T07:55:28","date_gmt":"2015-06-15T05:55:28","guid":{"rendered":"http:\/\/ct-chemie.ch\/it\/cetis\/routen\/"},"modified":"2015-08-11T16:56:00","modified_gmt":"2015-08-11T14:56:00","slug":"routen","status":"publish","type":"page","link":"https:\/\/www.ct-chemie.ch\/it\/cetis\/routen\/","title":{"rendered":"Routen"},"content":{"rendered":"<div  class=\"lgc-column lgc-grid-parent lgc-grid-40 lgc-tablet-grid-40 lgc-mobile-grid-100 lgc-equal-heights \"><div  class=\"inside-grid-column\">\n<p><img loading=\"lazy\" decoding=\"async\" class=\"alignnone wp-image-602 size-full\" src=\"http:\/\/ct-chemie.ch\/wp-content\/uploads\/csm_P1000837_abbba3aeae.jpg\" alt=\"csm_P1000837_abbba3aeae\" width=\"300\" height=\"226\" \/><\/p>\n<p><\/p><\/div><\/div>\n<div  class=\"lgc-column lgc-grid-parent lgc-grid-60 lgc-tablet-grid-60 lgc-mobile-grid-100 lgc-equal-heights \"><div  class=\"inside-grid-column\">\n<p><strong>Samstag, 14. Juni 2014<\/strong><\/p>\n<p>Wir versuchen es in diesem Jahr noch einmal und hoffen auf gutes Wetter. Eine tolle Strecke und sch\u00f6ne Lokalit\u00e4ten warten auf uns.<\/p>\n<p><strong>Strecke:<\/strong> Autobahn bis M\u00fchleberg \u2013 Murten \u2013 Domdidier \u2013 Neuenburgersee \u2013 Yvonand (Kaffehalt) \u2013 Pomy \u2013 Mathod \u2013 Neuenburger Jura \u2013 Les Rochat (Mittagessen) \u2013 Travers (Tankstopp 170 km) \u2013 Val de Travers \u2013 Chaumont \u2013 N\u00e4he Ligni\u00e8re (Pause) \u2013 Lengnau \u2013 Bucheggberg \u2013 Ersigen.<br \/>\n<\/p><\/div><\/div><div class=\"lgc-clear\"><\/div>\n<div  class=\"lgc-column lgc-grid-parent lgc-grid-60 lgc-tablet-grid-60 lgc-mobile-grid-100 lgc-equal-heights \"><div  class=\"inside-grid-column\">\n<p><strong>Samstag, 25. August 2012<\/strong><\/p>\n<p>Fondue- oder Tischgrillplausch im Greyerzerland<br \/>\nWir haben wiederum eine sch\u00f6ne Strecke zusammengestellt und tolle Lokalit\u00e4ten gefunden. Lasst euch \u00fcberraschen!<\/p>\n<p><strong>Strecke:<\/strong> Autobahn bis Bern\/Niederwangen \u2013 S\u00fcri \u2013 Laupen \u2013 Kleingurmels \u2013 Barber\u00eache \u2013 Givisiez (Kaffeehalt) \u2013 Belfaux \u2013 Barrage de Rossens \u2013 Broc \u2013 La Tour-de-Tr\u00e8me (Tankstopp) \u2013 Gruy\u00e8re (Mittagessen) \u2013 Charmey \u2013 Boltigen \u2013 Reutigen \u2013 H\u00f6fen (Kaffeehalt) \u2013 Thierachern \u2013 Rubigen \u2013 Ersigen<\/p>\n<p><\/p><\/div><\/div>\n<div  class=\"lgc-column lgc-grid-parent lgc-grid-40 lgc-tablet-grid-40 lgc-mobile-grid-100 lgc-equal-heights \"><div  class=\"inside-grid-column\">\n<p><img loading=\"lazy\" decoding=\"async\" class=\"alignnone size-full wp-image-596\" src=\"http:\/\/ct-chemie.ch\/wp-content\/uploads\/csm_IMG_1712_dd872e1008.jpg\" alt=\"csm_IMG_1712_dd872e1008\" width=\"200\" height=\"300\" \/><\/p>\n<p><\/p><\/div><\/div><div class=\"lgc-clear\"><\/div>\n<div  class=\"lgc-column lgc-grid-parent lgc-grid-40 lgc-tablet-grid-40 lgc-mobile-grid-100 lgc-equal-heights \"><div  class=\"inside-grid-column\">\n<p><img loading=\"lazy\" decoding=\"async\" class=\"alignnone size-full wp-image-599\" src=\"http:\/\/ct-chemie.ch\/wp-content\/uploads\/csm_IMG_5403_01_94e1160a03.jpg\" alt=\"csm_IMG_5403_01_94e1160a03\" width=\"300\" height=\"201\" \/><\/p>\n<p><\/p><\/div><\/div>\n<div  class=\"lgc-column lgc-grid-parent lgc-grid-60 lgc-tablet-grid-60 lgc-mobile-grid-100 lgc-equal-heights \"><div  class=\"inside-grid-column\">\n<p><strong>Samstag, 21. Mai 2011<\/strong><\/p>\n<p>Es geht in\u2018s Dreil\u00e4ndereck<br \/>\nAuf uns wartet eine abwechslungsreiche Stecke, welche das Bikerherz h\u00f6her schlagen l\u00e4sst, ges\u00e4umt mit einer wundersch\u00f6nen Landschaft.<\/p>\n<p><strong>Strecke:<\/strong> Von Ersigen nach Kriegstetten (Autobahn) \u2013 Oensingen \u2013 Oberdorf \u2013 Seewen \u2013 B\u00e4ttwil (Kaffeehalt). Weiter nach Leymen (F) \u2013 Saint-Louis \u2013 Weil am Rhein (D) \u2013 Wittlingen \u2013 Kandern \u2013 M\u00fcllheim\/Badenweiler (Mittagessen). Gest\u00e4rkt geht\u2018s weiter nach Tegernau \u2013 Maulburg \u2013 Rheinfelden \u2013 Buus \u2013 Anwil \u2013 Wisen (Kaffeehalt) \u2013 Trimbach \u2013 Fulenbach \u2013 Langenthal nach Ersigen. Total ca. 275 km<\/p>\n<p><\/p><\/div><\/div><div class=\"lgc-clear\"><\/div>\n<div  class=\"lgc-column lgc-grid-parent lgc-grid-60 lgc-tablet-grid-60 lgc-mobile-grid-100 lgc-equal-heights \"><div  class=\"inside-grid-column\">\n<p><strong>2 Tages-Tour im Jura<br \/>\nSamstag &amp; Sonntag, 29. + 30. Mai 2010<\/strong><\/p>\n<p>Berner-, Waadtl\u00e4nder- und Neuenburger-Jura mit Abstecher nach Frankreich<\/p>\n<p><strong>Strecke Tag 1:<\/strong> Bucheggberg \u2013 Grenchen \u2013 Court \u2013 Bellelay \u2013 Bassecourt \u2013 St-Ursanne \u2013 Br\u00e9montcourt (Grenz\u00fcbergang) \u2013 St. Hippolyte \u2013 Thi\u00e9bouhans \u2013 Gumois (Grenz\u00fcbergang) \u2013 Les Breleux \u2013 Little Ranch (\u00dcbernachtung\/Barbecue\/Musikunterhaltung), ca. 180 km<\/p>\n<p><strong>Strecke Tag 2:<\/strong> La Chaux-de-Fonds (allgemeiner Tankhalt) \u2013 Grenz\u00fcbertritt \u2013 Les Bassots \u2013 Mont Chateleu \u2013 Les Bayards \u2013 La Cote aux Fee \u2013 Ste-Croix \u2013 Vuiteboef \u2013 Fontaines \u2013 Mauborget \u2013 Provence \u2013 Boudry \u2013 Thielle \u2013 M\u00fcntschemier \u2013 Aarberg \u2013 Sch\u00fcpfen \u2013 Jegenstorf \u2013 Ersigen.<\/p>\n<p><\/p><\/div><\/div>\n<div  class=\"lgc-column lgc-grid-parent lgc-grid-40 lgc-tablet-grid-40 lgc-mobile-grid-100 lgc-equal-heights \"><div  class=\"inside-grid-column\">\n<p><img loading=\"lazy\" decoding=\"async\" class=\"alignnone size-full wp-image-611\" src=\"http:\/\/ct-chemie.ch\/wp-content\/uploads\/csm_P1020657_89cf249808.jpg\" alt=\"csm_P1020657_89cf249808\" width=\"300\" height=\"225\" \/><\/p>\n<p><\/p><\/div><\/div><div class=\"lgc-clear\"><\/div>\n<div  class=\"lgc-column lgc-grid-parent lgc-grid-40 lgc-tablet-grid-40 lgc-mobile-grid-100 lgc-equal-heights \"><div  class=\"inside-grid-column\"><br \/>\n<img loading=\"lazy\" decoding=\"async\" class=\"alignnone size-full wp-image-590\" src=\"http:\/\/ct-chemie.ch\/wp-content\/uploads\/csm_09_P1010585_493f486d85.jpg\" alt=\"csm_09_P1010585_493f486d85\" width=\"300\" height=\"226\" \/>\n<p><\/p><\/div><\/div>\n<div  class=\"lgc-column lgc-grid-parent lgc-grid-60 lgc-tablet-grid-60 lgc-mobile-grid-100 lgc-equal-heights \"><div  class=\"inside-grid-column\">\n<p><strong>Samstag, 9. Mai 2009<\/strong><\/p>\n<p>Kurven, Natur und f\u00fcr viele ein unbekannter Teil der Schweiz. Mutternatur wird sich uns hoffentlich von der sch\u00f6nsten Seite in voller Bl\u00fctenpracht zeigen.<\/p>\n<p><strong>Strecke:<\/strong> Von Ersigen nach Reiden ins Suhrental \u2013 Wynetal \u2013 an den Hallwilersee (Kaffeehalt). Weiter ins Reusstal und an den T\u00fcrlersee (Albis) zur\u00fcck ins Reusstal (Mittagessen). \u00dcber den Lindenberg an den Baldeggersee weiter \u00fcber den Erlosen an den Sempachersee (Kaffeehalt). \u00dcbers Oberaargau nach Ersigen. Total ca. 240 km<\/p>\n<p><\/p><\/div><\/div><div class=\"lgc-clear\"><\/div>\n<div  class=\"lgc-column lgc-grid-parent lgc-grid-60 lgc-tablet-grid-60 lgc-mobile-grid-100 lgc-equal-heights \"><div  class=\"inside-grid-column\">\n<p><strong>Samstag, 27. September 2008<\/strong><\/p>\n<p>Wir starten noch einmal einen Versuch f\u00fcr die Tour welche im Mai geplant war. Der Ceti\u2018s-Biker-Ausflug findet wie gewohnt statt. Abwechslungsreiche Landschaften, wenig befahrene Strassenabschnitte und einige \u201eH\u00f6ger\u201c warten auf uns.<\/p>\n<p><strong>Strecke:<\/strong> Ersigen \u2013 Aeschi \u2013 Wangen a.A. \u2013 Balsthal \u2013 Oberdorf \u2013 Reigoldswil \u2013 B\u00fcsserach (Kaffeehalt &amp; Tankm\u00f6glichkeit) \u2013 Kleinl\u00fctzel \u2013 Lucelle \u2013 La Malc\u00f4te \u2013 St. Ursanne \u2013 Soubey (Mittagessen) \u2013 Saignel\u00e9gier (Tankm\u00f6glichkeit) \u2013 Le Rosselet \u2013 St. Imier \u2013 Chasseral (Zvieri) \u2013 Frinvillier \u2013 Grenchen \u2013 B\u00e4tterkinden \u2013 Ersigen. Total ca. 240 km<\/p>\n<p><\/p><\/div><\/div>\n<div  class=\"lgc-column lgc-grid-parent lgc-grid-40 lgc-tablet-grid-40 lgc-mobile-grid-100 lgc-equal-heights \"><div  class=\"inside-grid-column\">\n<p><img loading=\"lazy\" decoding=\"async\" class=\"alignnone size-full wp-image-587\" src=\"http:\/\/ct-chemie.ch\/wp-content\/uploads\/csm_08_DSC1871_7dc021062b.jpg\" alt=\"csm_08_DSC1871_7dc021062b\" width=\"300\" height=\"199\" \/><\/p>\n<p><\/p><\/div><\/div><div class=\"lgc-clear\"><\/div>\n<div  class=\"lgc-column lgc-grid-parent lgc-grid-40 lgc-tablet-grid-40 lgc-mobile-grid-100 lgc-equal-heights \"><div  class=\"inside-grid-column\">\n<p><img loading=\"lazy\" decoding=\"async\" class=\"alignnone size-full wp-image-608\" src=\"http:\/\/ct-chemie.ch\/wp-content\/uploads\/csm_P1020580_245035cb5a.jpg\" alt=\"csm_P1020580_245035cb5a\" width=\"300\" height=\"226\" \/><\/p>\n<p><\/p><\/div><\/div>\n<div  class=\"lgc-column lgc-grid-parent lgc-grid-60 lgc-tablet-grid-60 lgc-mobile-grid-100 lgc-equal-heights \"><div  class=\"inside-grid-column\">\n<p><strong>Samstag, 23. Juni 2007<\/strong><\/p>\n<p><strong>ume Napf ume<\/strong><\/p>\n<p>Wir haben Kurven gesucht, gefunden und aneinander gereiht. Einmal in n\u00e4heren Regionen abwechslungsreiche Landschaften, sch\u00f6ne verkehrsarme und kurvenreiche Strassen geniessen. Es gibt wieder Abschnitte auf welchen die Schnellen f\u00fcr sich fahren k\u00f6nnen und die Gem\u00fctlichen in der zweiten Gruppe nachkommen. Neu ist ein Begleitfahrzeug dabei, das eventuell Gestrandete aufsammelt.<\/p>\n<p><strong>Strecke:<\/strong> Ersigen &#8211; Lyssach &#8211; Burgdorf &#8211; L\u00fctzelfl\u00fch &#8211; Biglen &#8211; Bowil &#8211; Chuderh\u00fcsi &#8211; R\u00f6thenbach &#8211; Jassbach &#8211; Schwarzenegg (Kaffehalt) &#8211; Schallenberg &#8211; Schangnau &#8211; Wiggen &#8211; Sch\u00fcpfheim &#8211; Glaubenbielenpass \u2013 Giswil \u2013 Wilen &#8211; Sarnen (Mittagshalt) &#8211; Glaubenberg &#8211; Entlebuch &#8211; Wohlhusen &#8211; Willisau (Tankstop nach ca. 180 km plus Halt) &#8211; Hergiswil &#8211; Hofstatt &#8211; Eriswil &#8211; Fritzenflue &#8211; Sumiswald &#8211; M\u00fchleweg &#8211; Wynigen &#8211; Nieder\u00f6sch &#8211; Ersigen. Total ca. 230 km<\/p>\n<p><\/p><\/div><\/div><div class=\"lgc-clear\"><\/div>\n<div  class=\"lgc-column lgc-grid-parent lgc-grid-60 lgc-tablet-grid-60 lgc-mobile-grid-100 lgc-equal-heights \"><div  class=\"inside-grid-column\">\n<p><strong>Samstag 19. August 2006<\/strong><br \/>\n<strong>Hauenstein &#8211; Rheinfelden &#8211; Schwarzwald (D)- Laufenburg &#8211; Zofingen<\/strong><\/p>\n<p>Abwechslungsreiche Landschaften, Kurven f\u00fcr Str\u00e4sseler bis zum Abwinken, sch\u00f6ne kurvenreiche Strecken f\u00fcr die Gem\u00fctlichen im wundersch\u00f6nen Schwarzwald.<\/p>\n<p><strong>Strecke:<\/strong> Ersigen &#8211; Herzogenbuchsee &#8211; Graben &#8211; Niederbipp &#8211; Oensingen &#8211; Hauenstein &#8211; Niederdorf &#8211; Diegten &#8211; Itingen &#8211; Sissach &#8211; Magden &#8211; Rheinfelden (Kaffehalt) &#8211; Grenz\u00fcbertritt &#8211; Schopfheim &#8211; Trennung in zwei Gruppen; Str\u00e4sseler fahren durchs sehr kurvenreiche Gerspachtal \/ die Gem\u00fctlichen fahren durchs Wehratal &#8211; Todtmoos &#8211; Pr\u00e4g &#8211; Bernau (Mittagshalt) &#8211; Todtmoos &#8211; Wehrhalden &#8211; Hottingen &#8211; Laufenburg (D) &#8211; Grenz\u00fcbertritt &#8211; Laufenburg (CH) Tankhalt ca. 200 km &#8211; Frick &#8211; Kienberg &#8211; Erlinsbach (Halt) &#8211; Zofingen &#8211; Langenthal &#8211; Wynigen &#8211; Ersigen. Total ca. 270 km<\/p>\n<p><\/p><\/div><\/div>\n<div  class=\"lgc-column lgc-grid-parent lgc-grid-40 lgc-tablet-grid-40 lgc-mobile-grid-100 lgc-equal-heights \"><div  class=\"inside-grid-column\">\n<p><img loading=\"lazy\" decoding=\"async\" class=\"alignnone size-full wp-image-605\" src=\"http:\/\/ct-chemie.ch\/wp-content\/uploads\/csm_P1020562_9d43816cd0.jpg\" alt=\"csm_P1020562_9d43816cd0\" width=\"300\" height=\"226\" \/><\/p>\n<p><\/p><\/div><\/div><div class=\"lgc-clear\"><\/div>\n<div  class=\"lgc-column lgc-grid-parent lgc-grid-40 lgc-tablet-grid-40 lgc-mobile-grid-100 lgc-equal-heights \"><div  class=\"inside-grid-column\">\n<p><img loading=\"lazy\" decoding=\"async\" class=\"alignnone size-full wp-image-593\" src=\"http:\/\/ct-chemie.ch\/wp-content\/uploads\/csm_18_Landschaft_9fafb0a4f0.jpg\" alt=\"csm_18_Landschaft_9fafb0a4f0\" width=\"300\" height=\"225\" \/><\/p>\n<p><\/p><\/div><\/div>\n<div  class=\"lgc-column lgc-grid-parent lgc-grid-60 lgc-tablet-grid-60 lgc-mobile-grid-100 lgc-equal-heights \"><div  class=\"inside-grid-column\">\n<p><strong>Samstag, 20. Mai 2006<\/strong><\/p>\n<p><strong>Murtensee &#8211; Lac Leman (Genfersee) &#8211; Greyerzerland &#8211; Schwarzenburgerland<\/strong><\/p>\n<p>Eine wundersch\u00f6ne Strecke durch die Westschweiz wartet auf uns. Die Romandie mit ihren H\u00fcgeln, Bergen, Seen, Weinbergen und idyllischen D\u00f6rfern ist sehenswert.<\/p>\n<p><strong>Strecke:<\/strong> Ersigen &#8211; Kirchberg &#8211; Bern &#8211; M\u00fchleberg &#8211; L\u00f6wenberg &#8211; Sugiez &#8211; \u201eFreiburger Riviera\u201c &#8211; Vallamand (Kaffehalt am See) &#8211; Grandcour &#8211; Payerne &#8211; Aumont \u2013 St. Cierges &#8211; M\u00e9zi\u00e8res &#8211; Savigny &#8211; Grandvaux (Mittagessen: Terrasse mit Sicht auf Lac Leman) &#8211; Route de Vigneron &#8211; Chardonne &#8211; Ch\u00e2tel-St. Denis &#8211; Bulle &#8211; Giffers (Kaffehalt) &#8211; Schwarzenburg &#8211; Belp &#8211; Worb &#8211; Krauchtal &#8211; Burgdorf &#8211; Ersigen. Total ca. 260 km<\/p>\n<p><\/p><\/div><\/div><div class=\"lgc-clear\"><\/div>\n","protected":false},"excerpt":{"rendered":"","protected":false},"author":1,"featured_media":0,"parent":546,"menu_order":3,"comment_status":"closed","ping_status":"closed","template":"template-fullwidth.php","meta":{"_acf_changed":false,"footnotes":""},"class_list":["post-626","page","type-page","status-publish","hentry"],"acf":[],"_links":{"self":[{"href":"https:\/\/www.ct-chemie.ch\/it\/wp-json\/wp\/v2\/pages\/626","targetHints":{"allow":["GET"]}}],"collection":[{"href":"https:\/\/www.ct-chemie.ch\/it\/wp-json\/wp\/v2\/pages"}],"about":[{"href":"https:\/\/www.ct-chemie.ch\/it\/wp-json\/wp\/v2\/types\/page"}],"author":[{"embeddable":true,"href":"https:\/\/www.ct-chemie.ch\/it\/wp-json\/wp\/v2\/users\/1"}],"replies":[{"embeddable":true,"href":"https:\/\/www.ct-chemie.ch\/it\/wp-json\/wp\/v2\/comments?post=626"}],"version-history":[{"count":0,"href":"https:\/\/www.ct-chemie.ch\/it\/wp-json\/wp\/v2\/pages\/626\/revisions"}],"up":[{"embeddable":true,"href":"https:\/\/www.ct-chemie.ch\/it\/wp-json\/wp\/v2\/pages\/546"}],"wp:attachment":[{"href":"https:\/\/www.ct-chemie.ch\/it\/wp-json\/wp\/v2\/media?parent=626"}],"curies":[{"name":"wp","href":"https:\/\/api.w.org\/{rel}","templated":true}]}}