{"id":3879,"date":"2015-06-22T06:25:29","date_gmt":"2015-06-22T06:25:29","guid":{"rendered":"http:\/\/ct-chemie.ch\/?product=profili-di-spugna"},"modified":"2025-10-14T14:56:39","modified_gmt":"2025-10-14T12:56:39","slug":"profili-di-spugna","status":"publish","type":"product","link":"https:\/\/www.ct-chemie.ch\/it\/prodotto\/profili-di-spugna\/","title":{"rendered":"Profili di spugna"},"content":{"rendered":"<p><strong>Profili di spugna PUR<\/strong><br \/>\nProfilo di spugna di poliuretano (PU) a celle aperte, per il riempimento delle fughe.<br \/>\nDimensione \u00d8: 10 mm (cartone \u00e0 2000 m), 15 mm (cartone \u00e0 900 m), 20 mm (cartone \u00e0 500 m), 25 mm (cartone \u00e0 350 m), 30 mm (cartone \u00e0 250 m), 35 mm (cartone \u00e0 180 m), 40 mm (cartone \u00e0 150 m), 50 mm (cartone \u00e0 100 m)<\/p>\n<p><strong>1 pezzo = 20 metro (Dimensione \u00d8: 10 mm, 15 mm, 20 mm, 25 mm, 30 mm)<\/strong><br \/>\n<strong>1 pezzo = 10 metro (Dimensione \u00d8: 35 mm, 40 mm)<\/strong><br \/>\n<strong>1 pezzo = 1<\/strong> <strong>metro (Dimensione \u00d8: 50 mm)<\/strong><\/p>\n<p><strong>Profili di spugna PE<\/strong><br \/>\nProfilo di spugna di polietilene (PE) a celle chiuse, anti-marciume, per il riempimento delle fughe di costruzione.<br \/>\nDimensione \u00d8: 6 mm (cartone \u00e0 100 m), 8 mm (cartone \u00e0 100 m), 10 mm(cartone \u00e0 100 m), 15 mm (cartone \u00e0 100 m), 20 mm (cartone \u00e0 50m)<\/p>\n<p><strong>1 pezzo = 1 cartone<\/strong><\/p>\n<div class=\"woocommerce-tabs wc-tabs-wrapper\">\n<div id=\"tab-description\" class=\"panel entry-content wc-tab\">\n<div class=\"variations_button\"><\/div>\n<\/div>\n<\/div>\n","protected":false},"excerpt":{"rendered":"<p>Profilo di spugna di poliuretano e polietilene<\/p>\n","protected":false},"featured_media":12077,"comment_status":"closed","ping_status":"closed","template":"","meta":{"_acf_changed":false},"product_cat":[168],"product_tag":[],"class_list":{"0":"post-3879","1":"product","2":"type-product","3":"status-publish","4":"has-post-thumbnail","6":"product_cat-accesori-categoria","8":"first","9":"instock","10":"taxable","11":"shipping-taxable","12":"purchasable","13":"product-type-variable"},"acf":[],"_links":{"self":[{"href":"https:\/\/www.ct-chemie.ch\/it\/wp-json\/wp\/v2\/product\/3879","targetHints":{"allow":["GET"]}}],"collection":[{"href":"https:\/\/www.ct-chemie.ch\/it\/wp-json\/wp\/v2\/product"}],"about":[{"href":"https:\/\/www.ct-chemie.ch\/it\/wp-json\/wp\/v2\/types\/product"}],"replies":[{"embeddable":true,"href":"https:\/\/www.ct-chemie.ch\/it\/wp-json\/wp\/v2\/comments?post=3879"}],"wp:featuredmedia":[{"embeddable":true,"href":"https:\/\/www.ct-chemie.ch\/it\/wp-json\/wp\/v2\/media\/12077"}],"wp:attachment":[{"href":"https:\/\/www.ct-chemie.ch\/it\/wp-json\/wp\/v2\/media?parent=3879"}],"wp:term":[{"taxonomy":"product_cat","embeddable":true,"href":"https:\/\/www.ct-chemie.ch\/it\/wp-json\/wp\/v2\/product_cat?post=3879"},{"taxonomy":"product_tag","embeddable":true,"href":"https:\/\/www.ct-chemie.ch\/it\/wp-json\/wp\/v2\/product_tag?post=3879"}],"curies":[{"name":"wp","href":"https:\/\/api.w.org\/{rel}","templated":true}]}}